{"id":1693,"date":"2018-06-23T06:41:52","date_gmt":"2018-06-23T06:41:52","guid":{"rendered":"http:\/\/www.grupoiraco.com\/?page_id=1693&#038;lang=fr"},"modified":"2018-06-26T10:02:43","modified_gmt":"2018-06-26T10:02:43","slug":"separateurs-et-drainages","status":"publish","type":"page","link":"https:\/\/www.grupoiraco.com\/fr\/separateurs-et-drainages\/","title":{"rendered":"S\u00c9PARATEURS ET DRAINAGES"},"content":{"rendered":"<p>[vc_row type=&#8221;vc_default&#8221; full_width=&#8221;stretch_row&#8221; bg_type=&#8221;image&#8221; parallax_style=&#8221;vcpb-default&#8221; bg_image_new=&#8221;id^438|url^http:\/\/www.grupoiraco.com\/wp-content\/uploads\/2017\/02\/gotass.jpg|caption^null|alt^null|title^gotass|description^null&#8221; bg_image_repeat=&#8221;no-repeat&#8221; css=&#8221;.vc_custom_1486576121801{margin-top: -50px !important;}&#8221;][vc_column][vc_empty_space height=&#8221;250px&#8221;][\/vc_column][\/vc_row][vc_row][vc_column][\/vc_column][\/vc_row][vc_row][vc_column width=&#8221;3\/4&#8243;][vc_column_text]<\/p>\n<h2>S\u00c9PARATEURS ET DRAINAGES<\/h2>\n<p>Traitements et applications visant \u00e0 compl\u00e9ter plusieurs de nos SYST\u00c8MES D&#8217;\u00c9TANCH\u00c9IT\u00c9 et pavements, en offrant des barri\u00e8res de d\u00e9solidarisation anti-polluantes et\/ou de dispersion de vapeur, parmi les diff\u00e9rentes couches composant ces derniers.<\/p>\n<p>Il comprend \u00e9galement plusieurs syst\u00e8mes de drainage destin\u00e9s \u00e0 \u00e9vacuer l&#8217;exc\u00e9dent des flux d&#8217;eau, dans tout type de toitures, structures enterr\u00e9es et pavages l\u00e9gers ou flottants.[\/vc_column_text]<div class=\"dt-fancy-separator title-left h2-size style-disabled title-color\" style=\"width: 100%;\"><div class=\"dt-fancy-title\"><span class=\"separator-holder separator-left\"><\/span>NOS SYST\u00c8MES<span class=\"separator-holder separator-right\"><\/span><\/div><\/div>[vc_row_inner][vc_column_inner width=&#8221;1\/2&#8243;]<div class=\"ult-content-box-container \" >\t<a class=\"ult-content-box-anchor\" href=\"http:\/\/www.grupoiraco.com\/fr\/separateurs\/\" >\t\t<div class=\"ult-content-box\" style=\"box-shadow: px px px px #f7f7f7 none;border-style:dotted;border-width:2px;border-radius:5px;border-color:#cccccc;padding:10px;margin-top:10px;margin-right:5px;margin-bottom:10px;margin-left:5px;-webkit-transition: all 700ms ease;-moz-transition: all 700ms ease;-ms-transition: all 700ms ease;-o-transition: all 700ms ease;transition: all 700ms ease;\"  data-hover_bg_color=\"#f2f2f2\"  data-hover_box_shadow=\"none\"  data-hover_border_color=\"#cccccc\"    data-normal_margins=\"margin-top:10px;margin-right:5px;margin-bottom:10px;margin-left:5px;\"   data-border_color=\"#cccccc\" >[vc_column_text]<\/p>\n<h3 style=\"text-align: center;\">S\u00c9PARATEURS<\/h3>\n<h3 style=\"text-align: center;\"><img loading=\"lazy\" class=\"aligncenter wp-image-109 size-full\" src=\"http:\/\/www.grupoiraco.com\/wp-content\/uploads\/2016\/04\/protect-pro-spacer.png\" width=\"256\" height=\"30\" \/><\/h3>\n<p>[\/vc_column_text]\t\t<\/div>\t<\/a><\/div>[\/vc_column_inner][vc_column_inner width=&#8221;1\/2&#8243;]<div class=\"ult-content-box-container \" >\t<a class=\"ult-content-box-anchor\" href=\"http:\/\/www.grupoiraco.com\/fr\/drainages\/\" >\t\t<div class=\"ult-content-box\" style=\"box-shadow: px px px px #f7f7f7 none;border-style:dotted;border-width:2px;border-radius:5px;border-color:#cccccc;padding:10px;margin-top:10px;margin-right:5px;margin-bottom:10px;margin-left:5px;-webkit-transition: all 700ms ease;-moz-transition: all 700ms ease;-ms-transition: all 700ms ease;-o-transition: all 700ms ease;transition: all 700ms ease;\"  data-hover_bg_color=\"#f2f2f2\"  data-hover_box_shadow=\"none\"  data-hover_border_color=\"#cccccc\"    data-normal_margins=\"margin-top:10px;margin-right:5px;margin-bottom:10px;margin-left:5px;\"   data-border_color=\"#cccccc\" >[vc_column_text]<\/p>\n<h3 style=\"text-align: center;\"><span style=\"color: #000000;\">DRAINAGES<br \/>\n<\/span><br \/>\n<img loading=\"lazy\" class=\"aligncenter wp-image-108 size-full\" src=\"http:\/\/www.grupoiraco.com\/wp-content\/uploads\/2016\/04\/protect-pro-drain.png\" width=\"273\" height=\"32\" \/><\/h3>\n<p>[\/vc_column_text]\t\t<\/div>\t<\/a><\/div>[\/vc_column_inner][\/vc_row_inner][\/vc_column][vc_column width=&#8221;1\/4&#8243;]<div class=\"ult-content-box-container barraderecha\" >\t\t<div class=\"ult-content-box\" style=\"box-shadow: px px px px #f7f7f7 none;padding:10px;min-height:400px;-webkit-transition: all 700ms ease;-moz-transition: all 700ms ease;-ms-transition: all 700ms ease;-o-transition: all 700ms ease;transition: all 700ms ease;\"  data-hover_box_shadow=\"none\"    >[vc_column_text]<strong><div class=\"menu-container\"><ul id=\"menu-sidebar-separadores-fr\" class=\"menu\"><li id=\"menu-item-1744\" class=\"menu-item menu-item-type-post_type menu-item-object-page menu-item-has-children menu-item-1744\"><a href=\"https:\/\/www.grupoiraco.com\/fr\/separateurs-et-drainages\/\">S\u00c9PARATEURS ET DRAINAGES<\/a>\n<ul class=\"sub-menu\">\n\t<li id=\"menu-item-1745\" class=\"menu-item menu-item-type-post_type menu-item-object-post menu-item-1745\"><a href=\"https:\/\/www.grupoiraco.com\/fr\/separateurs\/\">S\u00c9PARATEURS<\/a><\/li>\n\t<li id=\"menu-item-1746\" class=\"menu-item menu-item-type-post_type menu-item-object-post menu-item-1746\"><a href=\"https:\/\/www.grupoiraco.com\/fr\/drainages\/\">DRAINAGES<\/a><\/li>\n<\/ul>\n<\/li>\n<\/ul><\/div><\/strong>[\/vc_column_text]\t\t<\/div><\/div>[\/vc_column][\/vc_row]<\/p>\n","protected":false},"excerpt":{"rendered":"<p>[vc_row type=&#8221;vc_default&#8221; full_width=&#8221;stretch_row&#8221; bg_type=&#8221;image&#8221; parallax_style=&#8221;vcpb-default&#8221; bg_image_new=&#8221;id^438|url^http:\/\/www.grupoiraco.com\/wp-content\/uploads\/2017\/02\/gotass.jpg|caption^null|alt^null|title^gotass|description^null&#8221; bg_image_repeat=&#8221;no-repeat&#8221; css=&#8221;.vc_custom_1486576121801{margin-top: -50px !important;}&#8221;][vc_column][vc_empty_space height=&#8221;250px&#8221;][\/vc_column][\/vc_row][vc_row][vc_column][\/vc_column][\/vc_row][vc_row][vc_column width=&#8221;3\/4&#8243;][vc_column_text] S\u00c9PARATEURS ET DRAINAGES Traitements et applications visant \u00e0 compl\u00e9ter plusieurs de nos SYST\u00c8MES D&#8217;\u00c9TANCH\u00c9IT\u00c9 et pavements, en offrant des barri\u00e8res de d\u00e9solidarisation anti-polluantes et\/ou de dispersion de vapeur,&hellip; <a class=\"read-more-link\" href=\"https:\/\/www.grupoiraco.com\/fr\/separateurs-et-drainages\/\">[+]<\/a><\/p>\n","protected":false},"author":1,"featured_media":0,"parent":0,"menu_order":0,"comment_status":"closed","ping_status":"closed","template":"","meta":[],"_links":{"self":[{"href":"https:\/\/www.grupoiraco.com\/fr\/wp-json\/wp\/v2\/pages\/1693"}],"collection":[{"href":"https:\/\/www.grupoiraco.com\/fr\/wp-json\/wp\/v2\/pages"}],"about":[{"href":"https:\/\/www.grupoiraco.com\/fr\/wp-json\/wp\/v2\/types\/page"}],"author":[{"embeddable":true,"href":"https:\/\/www.grupoiraco.com\/fr\/wp-json\/wp\/v2\/users\/1"}],"replies":[{"embeddable":true,"href":"https:\/\/www.grupoiraco.com\/fr\/wp-json\/wp\/v2\/comments?post=1693"}],"version-history":[{"count":3,"href":"https:\/\/www.grupoiraco.com\/fr\/wp-json\/wp\/v2\/pages\/1693\/revisions"}],"predecessor-version":[{"id":3009,"href":"https:\/\/www.grupoiraco.com\/fr\/wp-json\/wp\/v2\/pages\/1693\/revisions\/3009"}],"wp:attachment":[{"href":"https:\/\/www.grupoiraco.com\/fr\/wp-json\/wp\/v2\/media?parent=1693"}],"curies":[{"name":"wp","href":"https:\/\/api.w.org\/{rel}","templated":true}]}}