{"id":1692,"date":"2018-06-23T06:43:16","date_gmt":"2018-06-23T06:43:16","guid":{"rendered":"http:\/\/www.grupoiraco.com\/?page_id=1692&#038;lang=fr"},"modified":"2018-06-26T10:04:20","modified_gmt":"2018-06-26T10:04:20","slug":"rembourrages-chapes-et-revetements","status":"publish","type":"page","link":"https:\/\/www.grupoiraco.com\/fr\/rembourrages-chapes-et-revetements\/","title":{"rendered":"REMBOURRAGES, CHAPES ET REV\u00caTEMENTS"},"content":{"rendered":"<p>[vc_row type=&#8221;vc_default&#8221; full_width=&#8221;stretch_row&#8221; bg_type=&#8221;image&#8221; parallax_style=&#8221;vcpb-default&#8221; bg_image_new=&#8221;id^1408|url^http:\/\/www.grupoiraco.com\/wp-content\/uploads\/2017\/02\/shutterstock_63866641-1.jpg|caption^null|alt^null|title^shutterstock_63866641|description^null&#8221; bg_image_repeat=&#8221;no-repeat&#8221; css=&#8221;.vc_custom_1488306438411{margin-top: -50px !important;}&#8221;][vc_column][vc_empty_space height=&#8221;250px&#8221;][\/vc_column][\/vc_row][vc_row][vc_column][\/vc_column][\/vc_row][vc_row][vc_column width=&#8221;3\/4&#8243;][vc_column_text]<\/p>\n<h3>REMBOURRAGES, CHAPES ET REV\u00caTEMENTS<\/h3>\n<p>Vaste \u00e9ventail de solutions de rembourrages et chapes, compl\u00e9mentaires \u00e0 nos syst\u00e8mes d&#8217;\u00e9tanch\u00e9it\u00e9, dans la confection de pentes et de rembourrages all\u00e9g\u00e9s, comme support des syst\u00e8mes qui l&#8217;exigent &#8211; C.T.E. Ou, comme protection lest\u00e9e de ceux-ci.<\/p>\n<p>En offrant des services complets responsables dans tout le processus de construction selon notre sp\u00e9cialit\u00e9.<\/p>\n<p>Cette division incorpore une vaste gamme de rev\u00eatements techniques, sportifs, continus et d\u00e9coratifs indiqu\u00e9s pour l&#8217;industrie.[\/vc_column_text]<div class=\"dt-fancy-separator title-left h3-size style-disabled title-color\" style=\"width: 100%;\"><div class=\"dt-fancy-title\"><span class=\"separator-holder separator-left\"><\/span>SYST\u00c8MES PAVIPRO<span class=\"separator-holder separator-right\"><\/span><\/div><\/div>[vc_row_inner][vc_column_inner width=&#8221;1\/2&#8243;]<div class=\"ult-content-box-container \" >\t<a class=\"ult-content-box-anchor\" href=\"http:\/\/www.grupoiraco.com\/fr\/rembourrages-et-chapes\/\" >\t\t<div class=\"ult-content-box\" style=\"box-shadow: px px px px #f7f7f7 none;border-style:dotted;border-width:2px;border-radius:5px;border-color:#cccccc;padding:10px;margin-top:10px;margin-right:5px;margin-bottom:10px;margin-left:5px;-webkit-transition: all 700ms ease;-moz-transition: all 700ms ease;-ms-transition: all 700ms ease;-o-transition: all 700ms ease;transition: all 700ms ease;\"  data-hover_bg_color=\"#f2f2f2\"  data-hover_box_shadow=\"none\"  data-hover_border_color=\"#cccccc\"    data-normal_margins=\"margin-top:10px;margin-right:5px;margin-bottom:10px;margin-left:5px;\"   data-border_color=\"#cccccc\" >[vc_column_text]<\/p>\n<h3 style=\"text-align: center;\">REMBOURRAGES ET CHAPES<\/h3>\n<h3 style=\"text-align: center;\"><img loading=\"lazy\" class=\"aligncenter wp-image-101 size-full\" src=\"http:\/\/www.grupoiraco.com\/wp-content\/uploads\/2016\/04\/pavipro-fill.png\" width=\"174\" height=\"39\" \/><\/h3>\n<p>[\/vc_column_text]\t\t<\/div>\t<\/a><\/div>[\/vc_column_inner][vc_column_inner width=&#8221;1\/2&#8243;]<div class=\"ult-content-box-container \" >\t<a class=\"ult-content-box-anchor\" href=\"http:\/\/www.grupoiraco.com\/fr\/pavimentos-y-soportes\/\" >\t\t<div class=\"ult-content-box\" style=\"box-shadow: px px px px #f7f7f7 none;border-style:dotted;border-width:2px;border-radius:5px;border-color:#cccccc;padding:10px;margin-top:10px;margin-right:5px;margin-bottom:10px;margin-left:5px;-webkit-transition: all 700ms ease;-moz-transition: all 700ms ease;-ms-transition: all 700ms ease;-o-transition: all 700ms ease;transition: all 700ms ease;\"  data-hover_bg_color=\"#f2f2f2\"  data-hover_box_shadow=\"none\"  data-hover_border_color=\"#cccccc\"    data-normal_margins=\"margin-top:10px;margin-right:5px;margin-bottom:10px;margin-left:5px;\"   data-border_color=\"#cccccc\" >[vc_column_text]<\/p>\n<h3 style=\"text-align: center;\">REV\u00caTEMENTS ET SUPPORTS<\/h3>\n<h3 style=\"text-align: center;\"><img loading=\"lazy\" class=\"aligncenter wp-image-102 size-full\" src=\"http:\/\/www.grupoiraco.com\/wp-content\/uploads\/2016\/04\/pavipro-floor.png\" width=\"189\" height=\"39\" \/><\/h3>\n<p>[\/vc_column_text]\t\t<\/div>\t<\/a><\/div>[\/vc_column_inner][\/vc_row_inner][vc_row_inner][vc_column_inner width=&#8221;1\/2&#8243;]<div class=\"ult-content-box-container \" >\t<a class=\"ult-content-box-anchor\" href=\"http:\/\/www.grupoiraco.com\/fr\/pavimentos-tecnicos\/\" >\t\t<div class=\"ult-content-box\" style=\"box-shadow: px px px px #f7f7f7 none;border-style:dotted;border-width:2px;border-radius:5px;border-color:#cccccc;padding:10px;margin-top:10px;margin-right:5px;margin-bottom:10px;margin-left:5px;-webkit-transition: all 700ms ease;-moz-transition: all 700ms ease;-ms-transition: all 700ms ease;-o-transition: all 700ms ease;transition: all 700ms ease;\"  data-hover_bg_color=\"#f2f2f2\"  data-hover_box_shadow=\"none\"  data-hover_border_color=\"#cccccc\"    data-normal_margins=\"margin-top:10px;margin-right:5px;margin-bottom:10px;margin-left:5px;\"   data-border_color=\"#cccccc\" >[vc_column_text]<\/p>\n<h3 style=\"text-align: center;\">REV\u00caTEMENTS TECHNIQUES<\/h3>\n<h3 style=\"text-align: center;\"><img loading=\"lazy\" class=\"aligncenter wp-image-103 size-full\" src=\"http:\/\/www.grupoiraco.com\/wp-content\/uploads\/2016\/04\/pavipro-tech.png\" width=\"183\" height=\"39\" \/><\/h3>\n<p>[\/vc_column_text]\t\t<\/div>\t<\/a><\/div>[\/vc_column_inner][vc_column_inner width=&#8221;1\/2&#8243;][\/vc_column_inner][\/vc_row_inner][\/vc_column][vc_column width=&#8221;1\/4&#8243;]<div class=\"ult-content-box-container barraderecha\" >\t\t<div class=\"ult-content-box\" style=\"box-shadow: px px px px #f7f7f7 none;padding:10px;min-height:400px;-webkit-transition: all 700ms ease;-moz-transition: all 700ms ease;-ms-transition: all 700ms ease;-o-transition: all 700ms ease;transition: all 700ms ease;\"  data-hover_box_shadow=\"none\"    >[vc_column_text]<strong><div class=\"menu-container\"><ul id=\"menu-sidebar-pavimentos-fr\" class=\"menu\"><li id=\"menu-item-1740\" class=\"menu-item menu-item-type-post_type menu-item-object-page menu-item-has-children menu-item-1740\"><a href=\"https:\/\/www.grupoiraco.com\/fr\/rembourrages-chapes-et-revetements\/\">REMBOURRAGES, CHAPES ET REV\u00caTEMENTS<\/a>\n<ul class=\"sub-menu\">\n\t<li id=\"menu-item-1741\" class=\"menu-item menu-item-type-post_type menu-item-object-post menu-item-1741\"><a href=\"https:\/\/www.grupoiraco.com\/fr\/rembourrages-et-chapes\/\">REMBOURRAGES ET CHAPES<\/a><\/li>\n\t<li id=\"menu-item-1743\" class=\"menu-item menu-item-type-post_type menu-item-object-post menu-item-1743\"><a href=\"https:\/\/www.grupoiraco.com\/fr\/pavimentos-tecnicos\/\">REV\u00caTEMENTS TECHNIQUES<\/a><\/li>\n\t<li id=\"menu-item-1742\" class=\"menu-item menu-item-type-post_type menu-item-object-post menu-item-1742\"><a href=\"https:\/\/www.grupoiraco.com\/fr\/pavimentos-y-soportes\/\">REV\u00caTEMENTS ET SUPPORTS<\/a><\/li>\n<\/ul>\n<\/li>\n<\/ul><\/div><\/strong>[\/vc_column_text]\t\t<\/div><\/div>[\/vc_column][\/vc_row][vc_row][vc_column][vc_media_grid element_width=&#8221;2&#8243; grid_id=&#8221;vc_gid:1530006429815-926a5960-5a8a-5&#8243; include=&#8221;1400,1399,1398,1396,1394,1393,1392,1391,1390,1389,1388,1387&#8243;][\/vc_column][\/vc_row]<\/p>\n","protected":false},"excerpt":{"rendered":"<p>[vc_row type=&#8221;vc_default&#8221; full_width=&#8221;stretch_row&#8221; bg_type=&#8221;image&#8221; parallax_style=&#8221;vcpb-default&#8221; bg_image_new=&#8221;id^1408|url^http:\/\/www.grupoiraco.com\/wp-content\/uploads\/2017\/02\/shutterstock_63866641-1.jpg|caption^null|alt^null|title^shutterstock_63866641|description^null&#8221; bg_image_repeat=&#8221;no-repeat&#8221; css=&#8221;.vc_custom_1488306438411{margin-top: -50px !important;}&#8221;][vc_column][vc_empty_space height=&#8221;250px&#8221;][\/vc_column][\/vc_row][vc_row][vc_column][\/vc_column][\/vc_row][vc_row][vc_column width=&#8221;3\/4&#8243;][vc_column_text] REMBOURRAGES, CHAPES ET REV\u00caTEMENTS Vaste \u00e9ventail de solutions de rembourrages et chapes, compl\u00e9mentaires \u00e0 nos syst\u00e8mes d&#8217;\u00e9tanch\u00e9it\u00e9, dans la confection de pentes et de rembourrages all\u00e9g\u00e9s, comme support&hellip; <a class=\"read-more-link\" href=\"https:\/\/www.grupoiraco.com\/fr\/rembourrages-chapes-et-revetements\/\">[+]<\/a><\/p>\n","protected":false},"author":1,"featured_media":0,"parent":0,"menu_order":0,"comment_status":"closed","ping_status":"closed","template":"","meta":[],"_links":{"self":[{"href":"https:\/\/www.grupoiraco.com\/fr\/wp-json\/wp\/v2\/pages\/1692"}],"collection":[{"href":"https:\/\/www.grupoiraco.com\/fr\/wp-json\/wp\/v2\/pages"}],"about":[{"href":"https:\/\/www.grupoiraco.com\/fr\/wp-json\/wp\/v2\/types\/page"}],"author":[{"embeddable":true,"href":"https:\/\/www.grupoiraco.com\/fr\/wp-json\/wp\/v2\/users\/1"}],"replies":[{"embeddable":true,"href":"https:\/\/www.grupoiraco.com\/fr\/wp-json\/wp\/v2\/comments?post=1692"}],"version-history":[{"count":3,"href":"https:\/\/www.grupoiraco.com\/fr\/wp-json\/wp\/v2\/pages\/1692\/revisions"}],"predecessor-version":[{"id":3011,"href":"https:\/\/www.grupoiraco.com\/fr\/wp-json\/wp\/v2\/pages\/1692\/revisions\/3011"}],"wp:attachment":[{"href":"https:\/\/www.grupoiraco.com\/fr\/wp-json\/wp\/v2\/media?parent=1692"}],"curies":[{"name":"wp","href":"https:\/\/api.w.org\/{rel}","templated":true}]}}