{"id":1672,"date":"2018-06-23T06:29:25","date_gmt":"2018-06-23T06:29:25","guid":{"rendered":"http:\/\/www.grupoiraco.com\/?page_id=1672&#038;lang=fr"},"modified":"2021-01-28T22:09:10","modified_gmt":"2021-01-28T22:09:10","slug":"politique-de-confidentialite","status":"publish","type":"page","link":"https:\/\/www.grupoiraco.com\/fr\/politique-de-confidentialite\/","title":{"rendered":"Politique de confidentialit\u00e9"},"content":{"rendered":"<p>[vc_row][vc_column css=&#8221;.vc_custom_1611871718154{margin-right: 0px !important;margin-left: 0px !important;}&#8221;][vc_column_text]Conform\u00e9ment \u00e0 la Loi Organique 15\/1999 du 13 d\u00e9cembre, sur la Protection des Donn\u00e9es \u00e0 Caract\u00e8re Personnel, par la presente communication, vous \u00eates inform\u00e9 que vos donn\u00e9es personnelles par vous fournies, seront incorpor\u00e9es \u00e0 un fichier de donn\u00e9es titulaire du GRUPO IRACO ADVANCED COATING SYSTEMS, SL (d\u00e9sormais IRACO), afin de r\u00e9pondre aux demandes que l&#8217;Utilisateur pourrait nous envoyer via le formulaire de contact.<\/p>\n<p>L\u2019int\u00e9ress\u00e9 est seul responsable de la v\u00e9racit\u00e9 et de l&#8217;exactitude des donn\u00e9es fournies \u00e0 IRACO, qui est donc exon\u00e9r\u00e9 de toute responsabilit\u00e9 li\u00e9e \u00e0 ces donn\u00e9es.<\/p>\n<p>L&#8217;omission des informations fournies par l&#8217;Utilisateur, des champs marqu\u00e9s comme obligatoires sur le formulaire \u00e9lectronique, peut nous emp\u00eacher de r\u00e9pondre \u00e0 votre demande.<\/p>\n<p>Les mineurs de moins de 14 ans doivent s&#8217;abstenir de fournir ses donn\u00e9es personnelles.<\/p>\n<p>IRACO s&#8217;engage \u00e0 l&#8217;accomplissement de son obligation de secret concernant les donn\u00e9es personnelles et \u00e9viter leur alt\u00e9ration, perte, traitement ou l&#8217;acc\u00e8s non autoris\u00e9, et qu&#8217;en aucun cas, elles seront c\u00e9d\u00e9es pour un autre usage sans accord pr\u00e9alable.<\/p>\n<p>Nous vous informons que pour r\u00e9pondre \u00e0 vos demandes de mani\u00e8re efficace et efficiente, vos donn\u00e9es peuvent \u00eatre transf\u00e9r\u00e9es aux diff\u00e9rentes soci\u00e9t\u00e9s d\u2019IRACO, en servant le pr\u00e9sent avis l\u00e9gal comme le consentement sans \u00e9quivoque, en vue d&#8217;assurer l&#8217;ex\u00e9cution de l&#8217;objectif susmentionn\u00e9.<\/p>\n<p>Enfin, nous vous informons qu&#8217;\u00e0 tout instant vous pouvez exercer les droits d&#8217;opposition, d&#8217;acc\u00e8s, de rectification et d&#8217;annulation concernant vos donn\u00e9es personnelles \u00e0 l&#8217;adresse:<\/p>\n<p>GRUPO IRACO ADVANCED COATING SYSTEMS, SL<br \/>\nCarrer Acer 30-32<br \/>\n08038 Barcelona<\/p>\n<p>En fournissant le nom, pr\u00e9nom, photocopie de votre carte d&#8217;identit\u00e9 ou pi\u00e8ce d&#8217;identit\u00e9, adresse e-mail et indiquant le droit exerc\u00e9.[\/vc_column_text][\/vc_column][\/vc_row][vc_row][vc_column][vc_empty_space][\/vc_column][\/vc_row]<\/p>\n","protected":false},"excerpt":{"rendered":"<p>[vc_row][vc_column css=&#8221;.vc_custom_1611871718154{margin-right: 0px !important;margin-left: 0px !important;}&#8221;][vc_column_text]Conform\u00e9ment \u00e0 la Loi Organique 15\/1999 du 13 d\u00e9cembre, sur la Protection des Donn\u00e9es \u00e0 Caract\u00e8re Personnel, par la presente communication, vous \u00eates inform\u00e9 que vos donn\u00e9es personnelles par vous fournies, seront incorpor\u00e9es \u00e0 un&hellip; <a class=\"read-more-link\" href=\"https:\/\/www.grupoiraco.com\/fr\/politique-de-confidentialite\/\">[+]<\/a><\/p>\n","protected":false},"author":1,"featured_media":0,"parent":0,"menu_order":0,"comment_status":"closed","ping_status":"closed","template":"","meta":[],"_links":{"self":[{"href":"https:\/\/www.grupoiraco.com\/fr\/wp-json\/wp\/v2\/pages\/1672"}],"collection":[{"href":"https:\/\/www.grupoiraco.com\/fr\/wp-json\/wp\/v2\/pages"}],"about":[{"href":"https:\/\/www.grupoiraco.com\/fr\/wp-json\/wp\/v2\/types\/page"}],"author":[{"embeddable":true,"href":"https:\/\/www.grupoiraco.com\/fr\/wp-json\/wp\/v2\/users\/1"}],"replies":[{"embeddable":true,"href":"https:\/\/www.grupoiraco.com\/fr\/wp-json\/wp\/v2\/comments?post=1672"}],"version-history":[{"count":10,"href":"https:\/\/www.grupoiraco.com\/fr\/wp-json\/wp\/v2\/pages\/1672\/revisions"}],"predecessor-version":[{"id":60831,"href":"https:\/\/www.grupoiraco.com\/fr\/wp-json\/wp\/v2\/pages\/1672\/revisions\/60831"}],"wp:attachment":[{"href":"https:\/\/www.grupoiraco.com\/fr\/wp-json\/wp\/v2\/media?parent=1672"}],"curies":[{"name":"wp","href":"https:\/\/api.w.org\/{rel}","templated":true}]}}