{"id":1671,"date":"2018-06-23T06:29:57","date_gmt":"2018-06-23T06:29:57","guid":{"rendered":"http:\/\/www.grupoiraco.com\/?page_id=1671&#038;lang=fr"},"modified":"2018-06-25T17:10:21","modified_gmt":"2018-06-25T17:10:21","slug":"charte-des-cookies","status":"publish","type":"page","link":"https:\/\/www.grupoiraco.com\/fr\/charte-des-cookies\/","title":{"rendered":"Charte des cookies"},"content":{"rendered":"<p>Las\u00a0<em>cookies<\/em>\u00a0\u00a0o dispositivo de almacenamiento y recuperaci\u00f3n de datos y equipos terminales, es un fichero enviado por una p\u00e1gina web al navegador del usuario y que se almacena autom\u00e1ticamente en el terminal de \u00e9ste para que la p\u00e1gina web en cuesti\u00f3n pueda consultar la actividad previa del usuario y \u201creconocerle\u201d.<\/p>\n<p>Las cookies pueden recordar otros tipos de informaci\u00f3n personal, como la contrase\u00f1a de un usuario, de manera que no haya que volver a escribirla cada vez que visita el mismo sitio, o sus preferencias en cuanto a la configuraci\u00f3n de una p\u00e1gina web (idioma, resoluci\u00f3n de pantalla, entre otros).<\/p>\n<p>Las cookies son esenciales para el funcionamiento de internet, aportando innumerables ventajas en la prestaci\u00f3n de servicios interactivos, facilit\u00e1ndole la navegaci\u00f3n y usabilidad de la web. Las cookies no pueden da\u00f1ar su equipo y que est\u00e9n activadas ayuda a identificar y resolver los errores.<\/p>\n<p>En definitiva, una cookie no es m\u00e1s que una sucesi\u00f3n de datos de navegaci\u00f3n que se almacenan en el equipo del usuario y que las p\u00e1ginas web detectan y reconocen para \u201crecordar\u201d dicha navegaci\u00f3n.<\/p>\n<p>A continuaci\u00f3n, proporcionamos m\u00e1s informaci\u00f3n sobre el uso de cookies utilizadas en nuestra p\u00e1gina web, distinguiendo:<\/p>\n<ul>\n<li><strong>_Cookies de sesi\u00f3n:<\/strong><strong>\u00a0<\/strong>son cookies temporales que permanecen en el archivo de cookies de su navegador hasta que abandone la p\u00e1gina web, por lo que ninguna queda registrada en el disco duro del usuario. La informaci\u00f3n obtenida por medio de estas cookies, sirven para analizar pautas de tr\u00e1fico en la web. A la larga, esto nos permite proporcionar una mejor experiencia para mejorar el contenido y facilitando su uso.<\/li>\n<li><strong>_Cookies permanentes:<\/strong><strong>\u00a0<\/strong>son almacenadas en el disco duro y nuestra web las lee cada vez que usted realiza una nueva visita. Una web permanente posee una fecha de expiraci\u00f3n determinada. La cookie dejar\u00e1 de funcionar despu\u00e9s de esa fecha.<\/li>\n<li>A continuaci\u00f3n publicamos una relaci\u00f3n de las principales cookies utilizadas en nuestra Web, distinguiendo:<\/li>\n<li><strong>_Las cookies estrictamente necesarias<\/strong><strong>\u00a0<\/strong>como por ejemplo, aquellas que sirvan para una correcta navegaci\u00f3n o las que permitan realizar servicios solicitados por el usuario o cookies que sirvan para asegurar que el contenido de la p\u00e1gina web se carga eficazmente.<\/li>\n<li><strong>_Las cookies de terceros<\/strong><strong>\u00a0<\/strong>como por ejemplo, las usadas por redes sociales, o por complementos externos de contenido.<\/li>\n<li><strong>_Las\u00a0cookies anal\u00edticas\u00a0<\/strong>con prop\u00f3sitos de mantenimiento peri\u00f3dico, y en aras de garantizar el mejor servicio posible al usuario, los sitios webs hacen uso normalmente de cookies \u201canal\u00edticas\u201d para recopilar datos estad\u00edsticos de la actividad .<\/li>\n<li><strong>_Las\u00a0cookies de publicidad comportamental<\/strong>\u00a0son aquellas que almacenan informaci\u00f3n del comportamiento de los usuarios obtenida a trav\u00e9s de la observaci\u00f3n continuada de sus h\u00e1bitos de navegaci\u00f3n, lo que permite desarrollar un perfil para mostrar publicidad personalizada.<\/li>\n<\/ul>\n<p><strong>Garant\u00edas complementarias \u2013 Gesti\u00f3n de cookies:<\/strong><\/p>\n<p>Todos los navegadores de Internet permiten limitar el comportamiento de una cookie o desactivar las cookies dentro de la configuraci\u00f3n o las opciones del navegador. Los pasos para hacerlo son diferentes para cada navegador, pudi\u00e9ndose encontrar instrucciones en el men\u00fa de ayuda de tu navegador.<\/p>\n<p>En caso que desee obtener informaci\u00f3n sobre como bloquear o desactivar las cookies de nuestro sitio web, lo puede hacer haciendo clic en los siguientes enlaces en funci\u00f3n de su navegador:<\/p>\n<ul>\n<li>Firefox desde aqu\u00ed:\u00a0<a href=\"http:\/\/support.mozilla.org\/es\/kb\/habilitar-y-deshabilitar-cookies-que-los-sitios-we\">http:\/\/support.mozilla.org\/es\/kb\/habilitar-y-deshabilitar-cookies-que-los-<\/a><a href=\"http:\/\/support.mozilla.org\/es\/kb\/habilitar-y-deshabilitar-cookies-que-los-sitios-we\">sitios-we<\/a><\/li>\n<li>Chrome desde aqu\u00ed:\u00a0<a href=\"http:\/\/support.google.com\/chrome\/bin\/answer.py?hl=es&amp;answer=95647\">http:\/\/support.google.com\/chrome\/bin\/answer.py?hl=es&amp;answer=95647<\/a><\/li>\n<li>Explorer desde aqu\u00ed:\u00a0<a href=\"http:\/\/windows.microsoft.com\/es-es\/internet-explorer\/delete-manage-cookies#ie%3Die-10\">http:\/\/windows.microsoft.com\/es-es\/internet-explorer\/delete-manage-<\/a><a href=\"http:\/\/windows.microsoft.com\/es-es\/internet-explorer\/delete-manage-cookies#ie%3Die-10\">cookies#ie=ie-10<\/a><\/li>\n<li>Safari des deaqu\u00ed:\u00a0<a href=\"https:\/\/support.apple.com\/kb\/ph17191?locale=es_ES\">https:\/\/support.apple.com\/kb\/ph17191?locale=es_ES<\/a><\/li>\n<li>Opera des deaqu\u00ed:\u00a0<a href=\"http:\/\/help.opera.com\/Windows\/11.50\/es-ES\/cookies.html\">http:\/\/help.opera.com\/Windows\/11.50\/es-ES\/cookies.html<\/a><\/li>\n<\/ul>\n","protected":false},"excerpt":{"rendered":"<p>Las\u00a0cookies\u00a0\u00a0o dispositivo de almacenamiento y recuperaci\u00f3n de datos y equipos terminales, es un fichero enviado por una p\u00e1gina web al navegador del usuario y que se almacena autom\u00e1ticamente en el terminal de \u00e9ste para que la p\u00e1gina web en cuesti\u00f3n&hellip; <a class=\"read-more-link\" href=\"https:\/\/www.grupoiraco.com\/fr\/charte-des-cookies\/\">[+]<\/a><\/p>\n","protected":false},"author":1,"featured_media":0,"parent":0,"menu_order":0,"comment_status":"closed","ping_status":"closed","template":"","meta":[],"_links":{"self":[{"href":"https:\/\/www.grupoiraco.com\/fr\/wp-json\/wp\/v2\/pages\/1671"}],"collection":[{"href":"https:\/\/www.grupoiraco.com\/fr\/wp-json\/wp\/v2\/pages"}],"about":[{"href":"https:\/\/www.grupoiraco.com\/fr\/wp-json\/wp\/v2\/types\/page"}],"author":[{"embeddable":true,"href":"https:\/\/www.grupoiraco.com\/fr\/wp-json\/wp\/v2\/users\/1"}],"replies":[{"embeddable":true,"href":"https:\/\/www.grupoiraco.com\/fr\/wp-json\/wp\/v2\/comments?post=1671"}],"version-history":[{"count":1,"href":"https:\/\/www.grupoiraco.com\/fr\/wp-json\/wp\/v2\/pages\/1671\/revisions"}],"predecessor-version":[{"id":1677,"href":"https:\/\/www.grupoiraco.com\/fr\/wp-json\/wp\/v2\/pages\/1671\/revisions\/1677"}],"wp:attachment":[{"href":"https:\/\/www.grupoiraco.com\/fr\/wp-json\/wp\/v2\/media?parent=1671"}],"curies":[{"name":"wp","href":"https:\/\/api.w.org\/{rel}","templated":true}]}}