{"id":1664,"date":"2018-06-23T06:21:08","date_gmt":"2018-06-23T06:21:08","guid":{"rendered":"http:\/\/www.grupoiraco.com\/?page_id=1664&#038;lang=fr"},"modified":"2018-07-24T15:38:31","modified_gmt":"2018-07-24T15:38:31","slug":"fiches-du-systeme","status":"publish","type":"page","link":"https:\/\/www.grupoiraco.com\/fr\/fiches-du-systeme\/","title":{"rendered":"FICHES DU SYST\u00c8ME"},"content":{"rendered":"<p>[vc_row type=&#8221;vc_default&#8221; full_width=&#8221;stretch_row&#8221; bg_type=&#8221;image&#8221; parallax_style=&#8221;vcpb-default&#8221; bg_image_new=&#8221;id^438|url^http:\/\/www.grupoiraco.com\/wp-content\/uploads\/2017\/02\/gotass.jpg|caption^null|alt^null|title^gotass|description^null&#8221; bg_image_repeat=&#8221;no-repeat&#8221; css=&#8221;.vc_custom_1532244080720{margin-top: -50px !important;}&#8221;][vc_column][vc_empty_space height=&#8221;250px&#8221;][\/vc_column][\/vc_row][vc_row][vc_column][vc_column_text]FICHES DU SYST\u00c8ME[\/vc_column_text][\/vc_column][\/vc_row][vc_row][vc_column width=&#8221;1\/2&#8243;][vc_cta h2=&#8221;&#8221; txt_align=&#8221;center&#8221; color=&#8221;white&#8221; css=&#8221;.vc_custom_1530564131380{border-top-width: 2px !important;border-right-width: 2px !important;border-bottom-width: 2px !important;border-left-width: 2px !important;background-color: #ffffff !important;}&#8221; el_class=&#8221;altoficha&#8221;]<img loading=\"lazy\" class=\"alignnone size-full wp-image-482 aligncenter\" src=\"http:\/\/www.grupoiraco.com\/wp-content\/uploads\/2017\/02\/aquapro-1000.jpg\" alt=\"\" width=\"224\" height=\"40\" \/><\/p>\n<p style=\"text-align: center;\"><strong>SYST\u00c8ME D&#8217;\u00c9TANCH\u00c9IT\u00c9 CONTINUE<\/strong> se composant d&#8217;une membrane bicomposante de<strong> POLYUR\u00c9E 100% PURE<\/strong> de projection \u00e0 chaude \u00e0 75\u00b0 C<\/p>\n<p style=\"text-align: center;\"><strong>SYST\u00c8ME DE BASE<\/strong><\/p>\n<p style=\"text-align: center;\"><a target=\"_blank\"  href=\"http:\/\/www.grupoiraco.com\/wp-content\/uploads\/datasheets_sistema\/Aquapro-PY1000%20ES%20(FT).pdf\">T\u00c9L\u00c9CHARGER<\/a><\/p>\n<p>[\/vc_cta][\/vc_column][vc_column width=&#8221;1\/2&#8243;][vc_cta h2=&#8221;&#8221; txt_align=&#8221;center&#8221; color=&#8221;white&#8221; btn_i_icon_fontawesome=&#8221;fa fa-download&#8221; css=&#8221;.vc_custom_1529734807163{border-top-width: 2px !important;border-right-width: 2px !important;border-bottom-width: 2px !important;border-left-width: 2px !important;background-color: #ffffff !important;}&#8221; el_class=&#8221;altoficha&#8221;]<img loading=\"lazy\" class=\"wp-image-483 size-full aligncenter\" src=\"http:\/\/www.grupoiraco.com\/wp-content\/uploads\/2017\/02\/aquapro-2000.jpg\" width=\"224\" height=\"40\" \/><\/p>\n<p style=\"text-align: center;\"><strong>SYST\u00c8ME D&#8217;\u00c9TANCH\u00c9IT\u00c9 CONTINUE<\/strong> se composant d&#8217;une membrane bicomposante de<strong> POLYUR\u00c9E 100% PURE<\/strong> de projection \u00e0 chaude \u00e0 75\u00b0 C<\/p>\n<p style=\"text-align: center;\"><strong>FINITION INTEMP\u00c9RIES<\/strong><\/p>\n<p style=\"text-align: center;\"><a target=\"_blank\"  href=\"http:\/\/www.grupoiraco.com\/wp-content\/uploads\/datasheets_sistema\/Aquapro-PY2000%20FR%20(FT).pdf\">T\u00c9L\u00c9CHARGER<\/a><\/p>\n<p>[\/vc_cta][\/vc_column][\/vc_row][vc_row][vc_column width=&#8221;1\/2&#8243;][vc_cta h2=&#8221;&#8221; txt_align=&#8221;center&#8221; color=&#8221;white&#8221; btn_i_icon_fontawesome=&#8221;fa fa-download&#8221; css=&#8221;.vc_custom_1530564067303{border-top-width: 2px !important;border-right-width: 2px !important;border-bottom-width: 2px !important;border-left-width: 2px !important;background-color: #ffffff !important;}&#8221; el_class=&#8221;altoficha&#8221;]<\/p>\n<p style=\"text-align: center;\"><img loading=\"lazy\" class=\"alignnone size-full wp-image-514\" src=\"http:\/\/www.grupoiraco.com\/wp-content\/uploads\/2017\/02\/aquapro-2500.jpg\" alt=\"\" width=\"224\" height=\"40\" \/><\/p>\n<p style=\"text-align: center;\"><strong>SYST\u00c8ME D&#8217;\u00c9TANCH\u00c9IT\u00c9 CONTINUE<\/strong> se composant d&#8217;une membrane bicomposante de<strong> POLYUR\u00c9E 100% PURE<\/strong> de projection \u00e0 chaude \u00e0 75\u00b0 C<\/p>\n<p style=\"text-align: center;\"><strong>FINITION INTEMP\u00c9RIES TOP COAT ALIPHATIQUE<\/strong><\/p>\n<p style=\"text-align: center;\"><a target=\"_blank\"  href=\"http:\/\/www.grupoiraco.com\/wp-content\/uploads\/datasheets_sistema\/Aquapro-PY2500%20FR%20(FT).pdf\">T\u00c9L\u00c9CHARGER<\/a><\/p>\n<p>[\/vc_cta][\/vc_column][vc_column width=&#8221;1\/2&#8243;][vc_cta h2=&#8221;&#8221; txt_align=&#8221;center&#8221; color=&#8221;white&#8221; btn_i_icon_fontawesome=&#8221;fa fa-download&#8221; css=&#8221;.vc_custom_1529734780069{border-top-width: 2px !important;border-right-width: 2px !important;border-bottom-width: 2px !important;border-left-width: 2px !important;background-color: #ffffff !important;}&#8221; el_class=&#8221;altoficha&#8221;]<\/p>\n<p style=\"text-align: center;\"><img loading=\"lazy\" class=\"alignnone size-full wp-image-484\" src=\"http:\/\/www.grupoiraco.com\/wp-content\/uploads\/2017\/02\/aquapro-3000.jpg\" alt=\"\" width=\"224\" height=\"40\" \/><\/p>\n<p style=\"text-align: center;\"><strong>SYST\u00c8ME D&#8217;\u00c9TANCH\u00c9IT\u00c9 CONTINUE<\/strong> se composant d&#8217;une membrane bicomposante de<strong> POLYUR\u00c9E 100% PURE<\/strong> de projection \u00e0 chaude \u00e0 75\u00b0 C<\/p>\n<p style=\"text-align: center;\"><strong>FINITION ANTID\u00c9RAPANTE ET INTEMP\u00c9RIES.<\/strong><\/p>\n<p style=\"text-align: center;\"><a target=\"_blank\"  href=\"http:\/\/www.grupoiraco.com\/wp-content\/uploads\/datasheets_sistema\/Aquapro-PY3000%20ES%20(FT).pdf\">T\u00c9L\u00c9CHARGER<\/a><\/p>\n<p>[\/vc_cta][\/vc_column][\/vc_row][vc_row][vc_column width=&#8221;1\/2&#8243;][vc_cta h2=&#8221;&#8221; txt_align=&#8221;center&#8221; color=&#8221;white&#8221; btn_i_icon_fontawesome=&#8221;fa fa-download&#8221; css=&#8221;.vc_custom_1529734759729{border-top-width: 2px !important;border-right-width: 2px !important;border-bottom-width: 2px !important;border-left-width: 2px !important;background-color: #ffffff !important;}&#8221; el_class=&#8221;altoficha&#8221;]<img loading=\"lazy\" class=\"alignnone wp-image-485 size-full aligncenter\" src=\"http:\/\/www.grupoiraco.com\/wp-content\/uploads\/2017\/02\/aquapro-3250.jpg\" width=\"224\" height=\"40\" \/><\/p>\n<p style=\"text-align: center;\"><strong>SYST\u00c8ME D&#8217;\u00c9TANCH\u00c9IT\u00c9 CONTINUE<\/strong> se composant d&#8217;une membrane bicomposante de<strong> POLYUR\u00c9E 100% PURE<\/strong> de projection \u00e0 chaude \u00e0 75\u00b0 C<\/p>\n<p style=\"text-align: center;\"><strong>FINITION ANTID\u00c9RAPANTE ET INTEMP\u00c9RIES.<\/strong><\/p>\n<p style=\"text-align: center;\"><a target=\"_blank\"  href=\"http:\/\/www.grupoiraco.com\/wp-content\/uploads\/datasheets_sistema\/Aquapro-PY3250%20FR%20(FT).pdf\">T\u00c9L\u00c9CHARGER<\/a><\/p>\n<p>[\/vc_cta][\/vc_column][vc_column width=&#8221;1\/2&#8243;][vc_cta h2=&#8221;&#8221; txt_align=&#8221;center&#8221; color=&#8221;white&#8221; btn_i_icon_fontawesome=&#8221;fa fa-download&#8221; css=&#8221;.vc_custom_1529734749586{border-top-width: 2px !important;border-right-width: 2px !important;border-bottom-width: 2px !important;border-left-width: 2px !important;background-color: #ffffff !important;}&#8221; el_class=&#8221;altoficha&#8221;]<img loading=\"lazy\" class=\"wp-image-486 size-full aligncenter\" src=\"http:\/\/www.grupoiraco.com\/wp-content\/uploads\/2017\/02\/aquapro-3500.jpg\" width=\"224\" height=\"40\" \/><\/p>\n<p style=\"text-align: center;\"><strong>SYST\u00c8ME D&#8217;\u00c9TANCH\u00c9IT\u00c9 CONTINUE<\/strong> se composant d&#8217;une membrane bicomposante de<strong> POLYUR\u00c9E 100% PURE<\/strong> de projection \u00e0 chaude \u00e0 75\u00b0 C<\/p>\n<p style=\"text-align: center;\"><strong>FINITION ANTID\u00c9RAPANTE ET INTEMP\u00c9RIES. TRAFIC ROUTIER INTENSE.<\/strong><\/p>\n<p style=\"text-align: center;\"><a target=\"_blank\"  href=\"http:\/\/www.grupoiraco.com\/wp-content\/uploads\/datasheets_sistema\/Aquapro-PY3500%20ES%20(FT).pdf\">T\u00c9L\u00c9CHARGER<\/a><\/p>\n<p>[\/vc_cta][\/vc_column][\/vc_row][vc_row][vc_column width=&#8221;1\/2&#8243;][vc_cta h2=&#8221;&#8221; txt_align=&#8221;center&#8221; color=&#8221;white&#8221; btn_i_icon_fontawesome=&#8221;fa fa-download&#8221; css=&#8221;.vc_custom_1529734738353{border-top-width: 2px !important;border-right-width: 2px !important;border-bottom-width: 2px !important;border-left-width: 2px !important;background-color: #ffffff !important;}&#8221; el_class=&#8221;altoficha&#8221;]<img loading=\"lazy\" class=\"alignnone wp-image-487 size-full aligncenter\" src=\"http:\/\/www.grupoiraco.com\/wp-content\/uploads\/2017\/02\/aquapro-4000.jpg\" width=\"224\" height=\"40\" \/><\/p>\n<p style=\"text-align: center;\"><strong>SYST\u00c8ME D&#8217;\u00c9TANCH\u00c9IT\u00c9 CONTINUE<\/strong> se composant d&#8217;une membrane bicomposante de<strong> POLYUR\u00c9E 100% PURE<\/strong> de projection \u00e0 chaude \u00e0 75\u00b0 C<\/p>\n<p style=\"text-align: center;\"><strong>FINITION MULTICOUCHE DE R\u00c9SINES ANTID\u00c9RAPANTE ET INTEMPERIES.QUARTZ NATUREL.<\/strong><\/p>\n<p style=\"text-align: center;\"><a target=\"_blank\"  href=\"http:\/\/www.grupoiraco.com\/wp-content\/uploads\/datasheets_sistema\/Aquapro-PY4000%20ES%20(FT).pdf\">T\u00c9L\u00c9CHARGER<\/a><\/p>\n<p>[\/vc_cta][\/vc_column][vc_column width=&#8221;1\/2&#8243;][vc_cta h2=&#8221;&#8221; txt_align=&#8221;center&#8221; color=&#8221;white&#8221; btn_i_icon_fontawesome=&#8221;fa fa-download&#8221; css=&#8221;.vc_custom_1529734727715{border-top-width: 2px !important;border-right-width: 2px !important;border-bottom-width: 2px !important;border-left-width: 2px !important;background-color: #ffffff !important;}&#8221; el_class=&#8221;altoficha&#8221;]<img loading=\"lazy\" class=\"alignnone wp-image-488 size-full aligncenter\" src=\"http:\/\/www.grupoiraco.com\/wp-content\/uploads\/2017\/02\/aquapro-4500.jpg\" width=\"224\" height=\"40\" \/><\/p>\n<p style=\"text-align: center;\"><strong>SYST\u00c8ME D&#8217;\u00c9TANCH\u00c9IT\u00c9 CONTINUE<\/strong> se composant d&#8217;une membrane bicomposante de<strong> POLYUR\u00c9E 100% PURE<\/strong> de projection \u00e0 chaude \u00e0 75\u00b0 C<\/p>\n<p style=\"text-align: center;\"><strong>FINITION MULTICOUCHE DE R\u00c9SINES, D\u00c9CORATIVE, ANTID\u00c9RAPANTE ET INTEMP\u00c9RIES. QUARTZ COULEUR.<\/strong><\/p>\n<p style=\"text-align: center;\"><a target=\"_blank\"  href=\"http:\/\/www.grupoiraco.com\/wp-content\/uploads\/datasheets_sistema\/Aquapro-PY4500%20ES%20(FT).pdf\">T\u00c9L\u00c9CHARGER<\/a><\/p>\n<p>[\/vc_cta][\/vc_column][\/vc_row][vc_row][vc_column width=&#8221;1\/2&#8243;][vc_cta h2=&#8221;&#8221; txt_align=&#8221;center&#8221; color=&#8221;white&#8221; btn_i_icon_fontawesome=&#8221;fa fa-download&#8221; css=&#8221;.vc_custom_1529734717724{border-top-width: 2px !important;border-right-width: 2px !important;border-bottom-width: 2px !important;border-left-width: 2px !important;background-color: #ffffff !important;}&#8221; el_class=&#8221;altoficha&#8221;]<img loading=\"lazy\" class=\"alignnone wp-image-489 size-full aligncenter\" src=\"http:\/\/www.grupoiraco.com\/wp-content\/uploads\/2017\/02\/aquapro-5000-1.jpg\" width=\"224\" height=\"40\" \/><\/p>\n<p style=\"text-align: center;\"><strong>SYST\u00c8ME D&#8217;\u00c9TANCH\u00c9IT\u00c9 CONTINUE<\/strong> se composant d&#8217;une membrane bicomposante de<strong> POLYUR\u00c9E 100% PURE<\/strong> de projection \u00e0 chaude \u00e0 75\u00b0 C<\/p>\n<p style=\"text-align: center;\"><strong>FINITION AVEC PROJET PAYSAGER ET SYST\u00c8ME DE JARDINAGE COMPLET.<\/strong><\/p>\n<p style=\"text-align: center;\"><a target=\"_blank\"  href=\"http:\/\/www.grupoiraco.com\/wp-content\/uploads\/datasheets_sistema\/Aquapro-PY5500%20FR%20(FT).pdf\">T\u00c9L\u00c9CHARGER<\/a><\/p>\n<p>[\/vc_cta][\/vc_column][vc_column width=&#8221;1\/2&#8243;][vc_cta h2=&#8221;&#8221; txt_align=&#8221;center&#8221; color=&#8221;white&#8221; btn_i_icon_fontawesome=&#8221;fa fa-download&#8221; css=&#8221;.vc_custom_1529734708001{border-top-width: 2px !important;border-right-width: 2px !important;border-bottom-width: 2px !important;border-left-width: 2px !important;background-color: #ffffff !important;}&#8221; el_class=&#8221;altoficha&#8221;]<img loading=\"lazy\" class=\"alignnone wp-image-490 size-full aligncenter\" src=\"http:\/\/www.grupoiraco.com\/wp-content\/uploads\/2017\/02\/aquapro-5500-1.jpg\" width=\"224\" height=\"40\" \/><\/p>\n<p style=\"text-align: center;\"><strong>SYST\u00c8ME D&#8217;\u00c9TANCH\u00c9IT\u00c9 CONTINUE<\/strong> se composant d&#8217;une membrane bicomposante de<strong> POLYUR\u00c9E 100% PURE<\/strong> de projection \u00e0 chaude \u00e0 75\u00b0 C<\/p>\n<p style=\"text-align: center;\"><strong>FINITION AVEC PROJET PAYSAGER ET SYST\u00c8ME SOPHISTIQU\u00c9 DE JARDINAGE COMPLET.<\/strong><\/p>\n<p style=\"text-align: center;\"><a target=\"_blank\"  href=\"http:\/\/www.grupoiraco.com\/wp-content\/uploads\/datasheets_sistema\/Aquapro-PY5500%20ES%20(FT).pdf\">T\u00c9L\u00c9CHARGER<\/a><\/p>\n<p>[\/vc_cta][\/vc_column][\/vc_row][vc_row][vc_column][vc_empty_space height=&#8221;150px&#8221;][\/vc_column][\/vc_row]<\/p>\n","protected":false},"excerpt":{"rendered":"<p>[vc_row type=&#8221;vc_default&#8221; full_width=&#8221;stretch_row&#8221; bg_type=&#8221;image&#8221; parallax_style=&#8221;vcpb-default&#8221; bg_image_new=&#8221;id^438|url^http:\/\/www.grupoiraco.com\/wp-content\/uploads\/2017\/02\/gotass.jpg|caption^null|alt^null|title^gotass|description^null&#8221; bg_image_repeat=&#8221;no-repeat&#8221; css=&#8221;.vc_custom_1532244080720{margin-top: -50px !important;}&#8221;][vc_column][vc_empty_space height=&#8221;250px&#8221;][\/vc_column][\/vc_row][vc_row][vc_column][vc_column_text]FICHES DU SYST\u00c8ME[\/vc_column_text][\/vc_column][\/vc_row][vc_row][vc_column width=&#8221;1\/2&#8243;][vc_cta h2=&#8221;&#8221; txt_align=&#8221;center&#8221; color=&#8221;white&#8221; css=&#8221;.vc_custom_1530564131380{border-top-width: 2px !important;border-right-width: 2px !important;border-bottom-width: 2px !important;border-left-width: 2px !important;background-color: #ffffff !important;}&#8221; el_class=&#8221;altoficha&#8221;] SYST\u00c8ME D&#8217;\u00c9TANCH\u00c9IT\u00c9 CONTINUE se composant d&#8217;une membrane bicomposante de POLYUR\u00c9E 100%&hellip; <a class=\"read-more-link\" href=\"https:\/\/www.grupoiraco.com\/fr\/fiches-du-systeme\/\">[+]<\/a><\/p>\n","protected":false},"author":1,"featured_media":0,"parent":0,"menu_order":0,"comment_status":"closed","ping_status":"closed","template":"template-protegida.php","meta":[],"_links":{"self":[{"href":"https:\/\/www.grupoiraco.com\/fr\/wp-json\/wp\/v2\/pages\/1664"}],"collection":[{"href":"https:\/\/www.grupoiraco.com\/fr\/wp-json\/wp\/v2\/pages"}],"about":[{"href":"https:\/\/www.grupoiraco.com\/fr\/wp-json\/wp\/v2\/types\/page"}],"author":[{"embeddable":true,"href":"https:\/\/www.grupoiraco.com\/fr\/wp-json\/wp\/v2\/users\/1"}],"replies":[{"embeddable":true,"href":"https:\/\/www.grupoiraco.com\/fr\/wp-json\/wp\/v2\/comments?post=1664"}],"version-history":[{"count":7,"href":"https:\/\/www.grupoiraco.com\/fr\/wp-json\/wp\/v2\/pages\/1664\/revisions"}],"predecessor-version":[{"id":3280,"href":"https:\/\/www.grupoiraco.com\/fr\/wp-json\/wp\/v2\/pages\/1664\/revisions\/3280"}],"wp:attachment":[{"href":"https:\/\/www.grupoiraco.com\/fr\/wp-json\/wp\/v2\/media?parent=1664"}],"curies":[{"name":"wp","href":"https:\/\/api.w.org\/{rel}","templated":true}]}}