{"id":1656,"date":"2018-06-23T06:10:55","date_gmt":"2018-06-23T06:10:55","guid":{"rendered":"http:\/\/www.grupoiraco.com\/?page_id=1656&#038;lang=fr"},"modified":"2018-06-26T09:48:42","modified_gmt":"2018-06-26T09:48:42","slug":"isolations","status":"publish","type":"page","link":"https:\/\/www.grupoiraco.com\/fr\/isolations\/","title":{"rendered":"ISOLATIONS"},"content":{"rendered":"<p>[vc_row type=&#8221;vc_default&#8221; full_width=&#8221;stretch_row&#8221; bg_type=&#8221;image&#8221; parallax_style=&#8221;vcpb-default&#8221; bg_image_new=&#8221;id^1349|url^http:\/\/www.grupoiraco.com\/wp-content\/uploads\/2017\/02\/thermografia.jpg|caption^null|alt^null|title^thermografia|description^null&#8221; bg_image_repeat=&#8221;no-repeat&#8221; css=&#8221;.vc_custom_1488304555142{margin-top: -50px !important;}&#8221;][vc_column][vc_empty_space height=&#8221;250px&#8221;][\/vc_column][\/vc_row][vc_row][vc_column][\/vc_column][\/vc_row][vc_row][vc_column width=&#8221;3\/4&#8243;][vc_column_text]<\/p>\n<h3><strong>ISOLATION <\/strong>:<\/h3>\n<p>Le but de l&#8217;isolation, aussi bien acoustique que thermique, est celui d&#8217;am\u00e9liorer le confort int\u00e9rieur des personnes habitant les b\u00e2timents. En outre, l&#8217;isolation thermique favorise une r\u00e9duction importante de la facture \u00e9nerg\u00e9tique, en \u00e9t\u00e9 comme en hiver.<\/p>\n<p>Chez Grupo Iraco nous sommes des sp\u00e9cialistes en isolation, nous disposons d&#8217;une vaste gamme qui nous permet d&#8217;affronter tout type de projet en offrant la meilleure solution et la plus adapt\u00e9e.[\/vc_column_text]<div class=\"dt-fancy-separator title-left h2-size style-disabled title-color\" style=\"width: 100%;\"><div class=\"dt-fancy-title\"><span class=\"separator-holder separator-left\"><\/span>NOS SYST\u00c8MES D&#039;ISOLATION<span class=\"separator-holder separator-right\"><\/span><\/div><\/div>[vc_row_inner][vc_column_inner width=&#8221;1\/2&#8243;]<div class=\"ult-content-box-container \" >\t<a class=\"ult-content-box-anchor\" href=\"http:\/\/www.grupoiraco.com\/fr\/aislamiento-acustico\/\" >\t\t<div class=\"ult-content-box\" style=\"box-shadow: px px px px #f7f7f7 none;border-style:dotted;border-width:2px;border-radius:5px;border-color:#cccccc;padding:10px;margin-top:10px;margin-right:5px;margin-bottom:10px;margin-left:5px;-webkit-transition: all 700ms ease;-moz-transition: all 700ms ease;-ms-transition: all 700ms ease;-o-transition: all 700ms ease;transition: all 700ms ease;\"  data-hover_bg_color=\"#f2f2f2\"  data-hover_box_shadow=\"none\"  data-hover_border_color=\"#cccccc\"    data-normal_margins=\"margin-top:10px;margin-right:5px;margin-bottom:10px;margin-left:5px;\"   data-border_color=\"#cccccc\" >[vc_column_text]<\/p>\n<h3 style=\"text-align: center;\">SYST\u00c8MES D&#8217;ISOLATION ACOUSTIQUE<\/h3>\n<h3 style=\"text-align: center;\"><img loading=\"lazy\" class=\"aligncenter wp-image-98 size-full\" src=\"http:\/\/www.grupoiraco.com\/wp-content\/uploads\/2016\/04\/logo-isolpro-acoustic.png\" width=\"196\" height=\"30\" \/><\/h3>\n<p>[\/vc_column_text]\t\t<\/div>\t<\/a><\/div>[\/vc_column_inner][vc_column_inner width=&#8221;1\/2&#8243;]<div class=\"ult-content-box-container \" >\t<a class=\"ult-content-box-anchor\" href=\"http:\/\/www.grupoiraco.com\/fr\/systemes-disolation-thermique\/\" >\t\t<div class=\"ult-content-box\" style=\"box-shadow: px px px px #f7f7f7 none;border-style:dotted;border-width:2px;border-radius:5px;border-color:#cccccc;padding:10px;margin-top:10px;margin-right:5px;margin-bottom:10px;margin-left:5px;-webkit-transition: all 700ms ease;-moz-transition: all 700ms ease;-ms-transition: all 700ms ease;-o-transition: all 700ms ease;transition: all 700ms ease;\"  data-hover_bg_color=\"#f2f2f2\"  data-hover_box_shadow=\"none\"  data-hover_border_color=\"#cccccc\"    data-normal_margins=\"margin-top:10px;margin-right:5px;margin-bottom:10px;margin-left:5px;\"   data-border_color=\"#cccccc\" >[vc_column_text]<\/p>\n<h3 style=\"text-align: center;\">SYST\u00c8MES D&#8217;ISOLATION THERMIQUE<\/h3>\n<p><img loading=\"lazy\" class=\"aligncenter size-full wp-image-99\" src=\"http:\/\/www.grupoiraco.com\/wp-content\/uploads\/2016\/04\/logo-isolpro-termic.jpg\" alt=\"\" width=\"196\" height=\"30\" \/>[\/vc_column_text]\t\t<\/div>\t<\/a><\/div>[\/vc_column_inner][\/vc_row_inner][\/vc_column][vc_column width=&#8221;1\/4&#8243;]<div class=\"ult-content-box-container barraderecha\" >\t\t<div class=\"ult-content-box\" style=\"box-shadow: px px px px #f7f7f7 none;padding:10px;min-height:400px;-webkit-transition: all 700ms ease;-moz-transition: all 700ms ease;-ms-transition: all 700ms ease;-o-transition: all 700ms ease;transition: all 700ms ease;\"  data-hover_box_shadow=\"none\"    >[vc_column_text]<strong><div class=\"menu-container\"><ul id=\"menu-sidebar-aislamiento-fr\" class=\"menu\"><li id=\"menu-item-1717\" class=\"menu-item menu-item-type-post_type menu-item-object-page menu-item-has-children menu-item-1717\"><a href=\"https:\/\/www.grupoiraco.com\/fr\/isolations\/\">ISOLATIONS<\/a>\n<ul class=\"sub-menu\">\n\t<li id=\"menu-item-1718\" class=\"menu-item menu-item-type-post_type menu-item-object-post menu-item-1718\"><a href=\"https:\/\/www.grupoiraco.com\/fr\/systemes-disolation-thermique\/\">SYST\u00c8MES D&#8217;ISOLATION THERMIQUE<\/a><\/li>\n\t<li id=\"menu-item-1719\" class=\"menu-item menu-item-type-post_type menu-item-object-post menu-item-1719\"><a href=\"https:\/\/www.grupoiraco.com\/fr\/aislamiento-acustico\/\">SYST\u00c8MES D&#8217;ISOLATION ACOUSTIQUE<\/a><\/li>\n<\/ul>\n<\/li>\n<\/ul><\/div><\/strong>[\/vc_column_text]\t\t<\/div><\/div>[\/vc_column][\/vc_row]<\/p>\n","protected":false},"excerpt":{"rendered":"<p>[vc_row type=&#8221;vc_default&#8221; full_width=&#8221;stretch_row&#8221; bg_type=&#8221;image&#8221; parallax_style=&#8221;vcpb-default&#8221; bg_image_new=&#8221;id^1349|url^http:\/\/www.grupoiraco.com\/wp-content\/uploads\/2017\/02\/thermografia.jpg|caption^null|alt^null|title^thermografia|description^null&#8221; bg_image_repeat=&#8221;no-repeat&#8221; css=&#8221;.vc_custom_1488304555142{margin-top: -50px !important;}&#8221;][vc_column][vc_empty_space height=&#8221;250px&#8221;][\/vc_column][\/vc_row][vc_row][vc_column][\/vc_column][\/vc_row][vc_row][vc_column width=&#8221;3\/4&#8243;][vc_column_text] ISOLATION : Le but de l&#8217;isolation, aussi bien acoustique que thermique, est celui d&#8217;am\u00e9liorer le confort int\u00e9rieur des personnes habitant les b\u00e2timents. En outre, l&#8217;isolation thermique favorise une&hellip; <a class=\"read-more-link\" href=\"https:\/\/www.grupoiraco.com\/fr\/isolations\/\">[+]<\/a><\/p>\n","protected":false},"author":1,"featured_media":0,"parent":0,"menu_order":0,"comment_status":"closed","ping_status":"closed","template":"","meta":[],"_links":{"self":[{"href":"https:\/\/www.grupoiraco.com\/fr\/wp-json\/wp\/v2\/pages\/1656"}],"collection":[{"href":"https:\/\/www.grupoiraco.com\/fr\/wp-json\/wp\/v2\/pages"}],"about":[{"href":"https:\/\/www.grupoiraco.com\/fr\/wp-json\/wp\/v2\/types\/page"}],"author":[{"embeddable":true,"href":"https:\/\/www.grupoiraco.com\/fr\/wp-json\/wp\/v2\/users\/1"}],"replies":[{"embeddable":true,"href":"https:\/\/www.grupoiraco.com\/fr\/wp-json\/wp\/v2\/comments?post=1656"}],"version-history":[{"count":4,"href":"https:\/\/www.grupoiraco.com\/fr\/wp-json\/wp\/v2\/pages\/1656\/revisions"}],"predecessor-version":[{"id":3001,"href":"https:\/\/www.grupoiraco.com\/fr\/wp-json\/wp\/v2\/pages\/1656\/revisions\/3001"}],"wp:attachment":[{"href":"https:\/\/www.grupoiraco.com\/fr\/wp-json\/wp\/v2\/media?parent=1656"}],"curies":[{"name":"wp","href":"https:\/\/api.w.org\/{rel}","templated":true}]}}