{"id":1652,"date":"2018-06-23T06:05:12","date_gmt":"2018-06-23T06:05:12","guid":{"rendered":"http:\/\/www.grupoiraco.com\/?page_id=1652&#038;lang=fr"},"modified":"2018-07-02T18:02:33","modified_gmt":"2018-07-02T18:02:33","slug":"etancheite","status":"publish","type":"page","link":"https:\/\/www.grupoiraco.com\/fr\/etancheite\/","title":{"rendered":"\u00c9TANCH\u00c9IT\u00c9"},"content":{"rendered":"<p>[vc_row type=&#8221;vc_default&#8221; full_width=&#8221;stretch_row&#8221; bg_type=&#8221;image&#8221; parallax_style=&#8221;vcpb-default&#8221; bg_image_new=&#8221;id^438|url^http:\/\/www.grupoiraco.com\/wp-content\/uploads\/2017\/02\/gotass.jpg|caption^null|alt^null|title^gotass|description^null&#8221; bg_image_repeat=&#8221;no-repeat&#8221; css=&#8221;.vc_custom_1486576121801{margin-top: -50px !important;}&#8221;][vc_column][vc_empty_space height=&#8221;250px&#8221;][\/vc_column][\/vc_row][vc_row][vc_column][\/vc_column][\/vc_row][vc_row][vc_column width=&#8221;3\/4&#8243;][vc_column_text][\/vc_column_text]<div class=\"dt-fancy-separator title-left h3-size style-disabled title-color\" style=\"width: 100%;\"><div class=\"dt-fancy-title\"><span class=\"separator-holder separator-left\"><\/span>NOS SYST\u00c8MES D&#039;\u00c9TANCH\u00c9IT\u00c9 <span class=\"separator-holder separator-right\"><\/span><\/div><\/div>[vc_row_inner][vc_column_inner width=&#8221;1\/2&#8243;]<div class=\"ult-content-box-container \" >\t<a class=\"ult-content-box-anchor\" href=\"http:\/\/www.grupoiraco.com\/fr\/systemes-detancheite-a-feuilles\/\" >\t\t<div class=\"ult-content-box\" style=\"box-shadow: px px px px #f7f7f7 none;border-style:dotted;border-width:2px;border-radius:5px;border-color:#cccccc;padding:10px;margin-top:10px;margin-right:5px;margin-bottom:10px;margin-left:5px;-webkit-transition: all 700ms ease;-moz-transition: all 700ms ease;-ms-transition: all 700ms ease;-o-transition: all 700ms ease;transition: all 700ms ease;\"  data-hover_bg_color=\"#f2f2f2\"  data-hover_box_shadow=\"none\"  data-hover_border_color=\"#cccccc\"    data-normal_margins=\"margin-top:10px;margin-right:5px;margin-bottom:10px;margin-left:5px;\"   data-border_color=\"#cccccc\" >[vc_column_text]<\/p>\n<h3 style=\"text-align: center;\"><span style=\"color: #000000;\">\u00a0SYST\u00c8MES D&#8217;\u00c9TANCH\u00c9IT\u00c9 \u00c0 FEUILLES<\/span><\/h3>\n<h3 style=\"text-align: center;\"><img loading=\"lazy\" class=\"size-full wp-image-758\" src=\"http:\/\/www.grupoiraco.com\/wp-content\/uploads\/2017\/02\/pvc.png\" alt=\"\" width=\"45\" height=\"26\" \/>\u00a0<img loading=\"lazy\" class=\"size-full wp-image-762\" src=\"http:\/\/www.grupoiraco.com\/wp-content\/uploads\/2017\/02\/tpo.png\" alt=\"\" width=\"45\" height=\"26\" \/>\u00a0<img loading=\"lazy\" class=\"size-full wp-image-753\" src=\"http:\/\/www.grupoiraco.com\/wp-content\/uploads\/2017\/02\/lbm.png\" alt=\"\" width=\"45\" height=\"26\" \/>\u00a0<img loading=\"lazy\" class=\"size-full wp-image-751\" src=\"http:\/\/www.grupoiraco.com\/wp-content\/uploads\/2017\/02\/epdm.png\" alt=\"\" width=\"54\" height=\"26\" \/><\/h3>\n<p>[\/vc_column_text]\t\t<\/div>\t<\/a><\/div>[\/vc_column_inner][vc_column_inner width=&#8221;1\/2&#8243;]<div class=\"ult-content-box-container \" >\t<a class=\"ult-content-box-anchor\" href=\"http:\/\/www.grupoiraco.com\/fr\/systemes-detancheite-continus\/\" >\t\t<div class=\"ult-content-box\" style=\"box-shadow: px px px px #f7f7f7 none;border-style:dotted;border-width:2px;border-radius:5px;border-color:#cccccc;padding:10px;margin-top:10px;margin-right:5px;margin-bottom:10px;margin-left:5px;-webkit-transition: all 700ms ease;-moz-transition: all 700ms ease;-ms-transition: all 700ms ease;-o-transition: all 700ms ease;transition: all 700ms ease;\"  data-hover_bg_color=\"#f2f2f2\"  data-hover_box_shadow=\"none\"  data-hover_border_color=\"#cccccc\"    data-normal_margins=\"margin-top:10px;margin-right:5px;margin-bottom:10px;margin-left:5px;\"   data-border_color=\"#cccccc\" >[vc_column_text]<\/p>\n<h3 style=\"text-align: center;\">SYST\u00c8MES D&#8217;\u00c9TANCH\u00c9IT\u00c9 CONTINUS<\/h3>\n<h3 style=\"text-align: center;\"><img loading=\"lazy\" src=\"http:\/\/www.grupoiraco.com\/wp-content\/uploads\/2017\/02\/pu1.png\" width=\"34\" height=\"26\" \/>\u00a0<img loading=\"lazy\" src=\"http:\/\/www.grupoiraco.com\/wp-content\/uploads\/2017\/02\/bm.png\" alt=\"\" width=\"34\" height=\"26\" \/>\u00a0<img loading=\"lazy\" style=\"margin: auto;\" src=\"http:\/\/www.grupoiraco.com\/wp-content\/uploads\/2017\/02\/py1.png\" alt=\"\" width=\"34\" height=\"26\" \/><\/h3>\n<p>[\/vc_column_text]\t\t<\/div>\t<\/a><\/div>[\/vc_column_inner][\/vc_row_inner][vc_row_inner][vc_column_inner width=&#8221;1\/2&#8243;]<div class=\"ult-content-box-container \" >\t<a class=\"ult-content-box-anchor\" href=\"http:\/\/www.grupoiraco.com\/fr\/systemes-detancheite-cimentaires\/\" >\t\t<div class=\"ult-content-box\" style=\"box-shadow: px px px px #f7f7f7 none;border-style:dotted;border-width:2px;border-radius:5px;border-color:#cccccc;padding:10px;margin-top:10px;margin-right:5px;margin-bottom:10px;margin-left:5px;-webkit-transition: all 700ms ease;-moz-transition: all 700ms ease;-ms-transition: all 700ms ease;-o-transition: all 700ms ease;transition: all 700ms ease;\"  data-hover_bg_color=\"#f2f2f2\"  data-hover_box_shadow=\"none\"  data-hover_border_color=\"#cccccc\"    data-normal_margins=\"margin-top:10px;margin-right:5px;margin-bottom:10px;margin-left:5px;\"   data-border_color=\"#cccccc\" >[vc_column_text]<\/p>\n<h3 style=\"text-align: center;\"><span style=\"color: #000000;\">SYST\u00c8MES D&#8217;\u00c9TANCH\u00c9IT\u00c9 CIMENTAIRES<br \/>\n<\/span><br \/>\n<img loading=\"lazy\" class=\"size-full wp-image-749\" src=\"http:\/\/www.grupoiraco.com\/wp-content\/uploads\/2017\/02\/cemflex.png\" alt=\"\" width=\"84\" height=\"26\" \/>\u00a0<img loading=\"lazy\" class=\"size-full wp-image-748\" src=\"http:\/\/www.grupoiraco.com\/wp-content\/uploads\/2017\/02\/cemcris.png\" alt=\"\" width=\"84\" height=\"26\" \/><\/h3>\n<p>[\/vc_column_text]\t\t<\/div>\t<\/a><\/div>[\/vc_column_inner][vc_column_inner width=&#8221;1\/2&#8243;]<div class=\"ult-content-box-container \" >\t<a class=\"ult-content-box-anchor\" href=\"http:\/\/www.grupoiraco.com\/fr\/systemes-injectes\/\" >\t\t<div class=\"ult-content-box\" style=\"box-shadow: px px px px #f7f7f7 none;border-style:dotted;border-width:2px;border-radius:5px;border-color:#cccccc;padding:10px;margin-top:10px;margin-right:5px;margin-bottom:10px;margin-left:5px;-webkit-transition: all 700ms ease;-moz-transition: all 700ms ease;-ms-transition: all 700ms ease;-o-transition: all 700ms ease;transition: all 700ms ease;\"  data-hover_bg_color=\"#f2f2f2\"  data-hover_box_shadow=\"none\"  data-hover_border_color=\"#cccccc\"    data-normal_margins=\"margin-top:10px;margin-right:5px;margin-bottom:10px;margin-left:5px;\"   data-border_color=\"#cccccc\" >[vc_column_text]<\/p>\n<h3 style=\"text-align: center;\"><span style=\"color: #000000;\">SYST\u00c8MES INJECT\u00c9S<br \/>\n<\/span><br \/>\n<img loading=\"lazy\" class=\"size-full wp-image-752\" src=\"http:\/\/www.grupoiraco.com\/wp-content\/uploads\/2017\/02\/inject1.png\" alt=\"\" width=\"61\" height=\"26\" \/><\/h3>\n<p>[\/vc_column_text]\t\t<\/div>\t<\/a><\/div>[\/vc_column_inner][\/vc_row_inner][vc_row_inner][vc_column_inner width=&#8221;1\/2&#8243;]<div class=\"ult-content-box-container \" >\t<a class=\"ult-content-box-anchor\" href=\"http:\/\/www.grupoiraco.com\/fr\/enduits-protecteurs-et-peintures\/\" >\t\t<div class=\"ult-content-box\" style=\"box-shadow: px px px px #f7f7f7 none;border-style:dotted;border-width:2px;border-radius:5px;border-color:#cccccc;padding:10px;margin-top:10px;margin-right:5px;margin-bottom:10px;margin-left:5px;min-height:180px;-webkit-transition: all 700ms ease;-moz-transition: all 700ms ease;-ms-transition: all 700ms ease;-o-transition: all 700ms ease;transition: all 700ms ease;\"  data-hover_bg_color=\"#f2f2f2\"  data-hover_box_shadow=\"none\"  data-hover_border_color=\"#cccccc\"    data-normal_margins=\"margin-top:10px;margin-right:5px;margin-bottom:10px;margin-left:5px;\"   data-border_color=\"#cccccc\" >[vc_column_text]<\/p>\n<h3 style=\"text-align: center;\"><span style=\"color: #000000;\">ENDUITS PROTECTEURS ET PEINTURES<br \/>\n<\/span><br \/>\n<img loading=\"lazy\" class=\"size-full wp-image-760\" src=\"http:\/\/www.grupoiraco.com\/wp-content\/uploads\/2017\/02\/rpp.png\" alt=\"\" width=\"32\" height=\"26\" \/><\/h3>\n<p>[\/vc_column_text]\t\t<\/div>\t<\/a><\/div>[\/vc_column_inner][vc_column_inner width=&#8221;1\/2&#8243;]<div class=\"ult-content-box-container \" >\t<a class=\"ult-content-box-anchor\" href=\"http:\/\/www.grupoiraco.com\/fr\/systemes-damenagement-des-espaces-verts\/\" >\t\t<div class=\"ult-content-box\" style=\"box-shadow: px px px px #f7f7f7 none;border-style:dotted;border-width:2px;border-radius:5px;border-color:#cccccc;padding:10px;margin-top:10px;margin-right:5px;margin-bottom:10px;margin-left:5px;-webkit-transition: all 700ms ease;-moz-transition: all 700ms ease;-ms-transition: all 700ms ease;-o-transition: all 700ms ease;transition: all 700ms ease;\"  data-hover_bg_color=\"#f2f2f2\"  data-hover_box_shadow=\"none\"  data-hover_border_color=\"#cccccc\"    data-normal_margins=\"margin-top:10px;margin-right:5px;margin-bottom:10px;margin-left:5px;\"   data-border_color=\"#cccccc\" >[vc_column_text]<\/p>\n<h3 style=\"text-align: center;\"><span style=\"color: #000000;\">SYST\u00c8MES D&#8217;AM\u00c9NAGEMENT DES ESPACES VERTS<br \/>\n<\/span><br \/>\n<img loading=\"lazy\" class=\"size-full wp-image-761\" src=\"http:\/\/www.grupoiraco.com\/wp-content\/uploads\/2017\/02\/skygardens.png\" alt=\"\" width=\"128\" height=\"36\" \/><\/h3>\n<p>[\/vc_column_text]\t\t<\/div>\t<\/a><\/div>[\/vc_column_inner][\/vc_row_inner][vc_empty_space height=&#8221;50px&#8221;][vc_message message_box_color=&#8221;white&#8221; icon_fontawesome=&#8221;fa fa-check&#8221;]<\/p>\n<h3>ASSURANCE D\u00c9CENNALE APR\u00c8S TRAVAUX DE 10 ANS<\/h3>\n<p><img loading=\"lazy\" class=\"wp-image-13 size-full alignleft\" src=\"http:\/\/www.grupoiraco.com\/wp-content\/uploads\/2016\/04\/seguro-decenal.png\" alt=\"seguro-decenal-impermeabilizaci\u00f3n\" width=\"225\" height=\"110\" \/><\/p>\n<p>UN AVANTAGE EXCLUSIF POUR NOS COLLABORATEURS.<\/p>\n<p>Chez GRUPO IRACO nous croyons que le leadership consiste \u00e0 offrir les solutions techniques les plus avanc\u00e9es + le meilleur service sp\u00e9cialis\u00e9. Pour cette raison, nous souhaitons aujourd&#8217;hui vous faire part de notre derni\u00e8re avance :<\/p>\n<p>NOUVELLE ASSURANCE D\u00c9CENNALE APR\u00c8S TRAVAUX DE 10 ANS.<\/p>\n<p>Ce qui repr\u00e9sente un AVANTAGE EXCLUSIF de S\u00c9CURIT\u00c9 maximale pour nos collaborateurs, puisque la responsabilit\u00e9 civile d\u00e9coulant de notre activit\u00e9 GARANTIE D\u00c9CENNALE sera couverte pendant 10 ans aussi bien par GRUPO IRACO que par notre compagnie d&#8217;assurances.[\/vc_message][\/vc_column][vc_column width=&#8221;1\/4&#8243;]<div class=\"ult-content-box-container barraderecha\" >\t\t<div class=\"ult-content-box\" style=\"box-shadow: px px px px #f7f7f7 none;padding:10px;min-height:400px;-webkit-transition: all 700ms ease;-moz-transition: all 700ms ease;-ms-transition: all 700ms ease;-o-transition: all 700ms ease;transition: all 700ms ease;\"  data-hover_box_shadow=\"none\"    >[vc_column_text]<strong><div class=\"menu-container\"><ul id=\"menu-sidebar-impermeabilizacion-fr\" class=\"menu\"><li id=\"menu-item-1720\" class=\"menu-item menu-item-type-post_type menu-item-object-post menu-item-1720\"><a href=\"https:\/\/www.grupoiraco.com\/fr\/systemes-damenagement-des-espaces-verts\/\">SYST\u00c8MES D&#8217;AM\u00c9NAGEMENT DES ESPACES VERTS<\/a><\/li>\n<li id=\"menu-item-1727\" class=\"menu-item menu-item-type-post_type menu-item-object-post menu-item-has-children menu-item-1727\"><a href=\"https:\/\/www.grupoiraco.com\/fr\/systemes-detancheite-a-feuilles\/\">SYST\u00c8MES D&#8217;\u00c9TANCH\u00c9IT\u00c9 \u00c0 FEUILLES<\/a>\n<ul class=\"sub-menu\">\n\t<li id=\"menu-item-1722\" class=\"menu-item menu-item-type-post_type menu-item-object-post menu-item-1722\"><a href=\"https:\/\/www.grupoiraco.com\/fr\/systemes-a-feuilles-bitumineuses-app-sbs\/\">SYST\u00c8MES \u00c0 FEUILLES BITUMINEUSES (APP \u2013 SBS)<\/a><\/li>\n\t<li id=\"menu-item-1723\" class=\"menu-item menu-item-type-post_type menu-item-object-post menu-item-1723\"><a href=\"https:\/\/www.grupoiraco.com\/fr\/systemes-a-feuilles-synthetiques\/\">SYST\u00c8MES \u00c0 FEUILLES SYNTH\u00c9TIQUES<\/a><\/li>\n<\/ul>\n<\/li>\n<li id=\"menu-item-1724\" class=\"menu-item menu-item-type-post_type menu-item-object-post menu-item-has-children menu-item-1724\"><a href=\"https:\/\/www.grupoiraco.com\/fr\/systemes-detancheite-continus\/\">SYST\u00c8MES D&#8217;\u00c9TANCH\u00c9IT\u00c9 CONTINUSINJE<\/a>\n<ul class=\"sub-menu\">\n\t<li id=\"menu-item-1729\" class=\"menu-item menu-item-type-post_type menu-item-object-post menu-item-1729\"><a href=\"https:\/\/www.grupoiraco.com\/fr\/polyurees\/\">POLYUR\u00c9ES<\/a><\/li>\n\t<li id=\"menu-item-1728\" class=\"menu-item menu-item-type-post_type menu-item-object-post menu-item-1728\"><a href=\"https:\/\/www.grupoiraco.com\/fr\/polyurethanes-pu\/\">POLYUR\u00c9THANES \u2013 PU<\/a><\/li>\n\t<li id=\"menu-item-1730\" class=\"menu-item menu-item-type-post_type menu-item-object-post menu-item-1730\"><a href=\"https:\/\/www.grupoiraco.com\/fr\/bitumes-modifies\/\">BITUMES MODIFI\u00c9S<\/a><\/li>\n<\/ul>\n<\/li>\n<li id=\"menu-item-1725\" class=\"menu-item menu-item-type-post_type menu-item-object-post menu-item-has-children menu-item-1725\"><a href=\"https:\/\/www.grupoiraco.com\/fr\/systemes-detancheite-cimentaires\/\">SYST\u00c8MES D&#8217;\u00c9TANCH\u00c9IT\u00c9 CIMENTAIRES<\/a>\n<ul class=\"sub-menu\">\n\t<li id=\"menu-item-1731\" class=\"menu-item menu-item-type-post_type menu-item-object-post menu-item-1731\"><a href=\"https:\/\/www.grupoiraco.com\/fr\/systemes-flexibles\/\">SYST\u00c8MES FLEXIBLES<\/a><\/li>\n\t<li id=\"menu-item-1732\" class=\"menu-item menu-item-type-post_type menu-item-object-post menu-item-1732\"><a href=\"https:\/\/www.grupoiraco.com\/fr\/systemes-cristallisants\/\">SYST\u00c8MES CRISTALLISANTS<\/a><\/li>\n<\/ul>\n<\/li>\n<li id=\"menu-item-1733\" class=\"menu-item menu-item-type-post_type menu-item-object-post menu-item-has-children menu-item-1733\"><a href=\"https:\/\/www.grupoiraco.com\/fr\/systemes-injectes\/\">SYST\u00c8MES INJECT\u00c9S<\/a>\n<ul class=\"sub-menu\">\n\t<li id=\"menu-item-1734\" class=\"menu-item menu-item-type-post_type menu-item-object-post menu-item-1734\"><a href=\"https:\/\/www.grupoiraco.com\/fr\/consolidants\/\">CONSOLIDANTS<\/a><\/li>\n\t<li id=\"menu-item-1735\" class=\"menu-item menu-item-type-post_type menu-item-object-post menu-item-1735\"><a href=\"https:\/\/www.grupoiraco.com\/fr\/scellant-pour-voies-deau\/\">SCELLANT POUR VOIES D&#8217;EAU<\/a><\/li>\n<\/ul>\n<\/li>\n<li id=\"menu-item-1726\" class=\"menu-item menu-item-type-post_type menu-item-object-post menu-item-has-children menu-item-1726\"><a href=\"https:\/\/www.grupoiraco.com\/fr\/enduits-protecteurs-et-peintures\/\">ENDUITS PROTECTEURS ET PEINTURES<\/a>\n<ul class=\"sub-menu\">\n\t<li id=\"menu-item-1739\" class=\"menu-item menu-item-type-post_type menu-item-object-post menu-item-1739\"><a href=\"https:\/\/www.grupoiraco.com\/fr\/bitumes-modifies\/\">BITUMES MODIFI\u00c9S<\/a><\/li>\n\t<li id=\"menu-item-1736\" class=\"menu-item menu-item-type-post_type menu-item-object-post menu-item-1736\"><a href=\"https:\/\/www.grupoiraco.com\/fr\/mortiers-bitumineux\/\">MORTIERS BITUMINEUX<\/a><\/li>\n\t<li id=\"menu-item-1737\" class=\"menu-item menu-item-type-post_type menu-item-object-post menu-item-1737\"><a href=\"https:\/\/www.grupoiraco.com\/fr\/brais-epoxy\/\">BRAIS \u00c9POXY<\/a><\/li>\n\t<li id=\"menu-item-1738\" class=\"menu-item menu-item-type-post_type menu-item-object-post menu-item-1738\"><a href=\"https:\/\/www.grupoiraco.com\/fr\/peintures\/\">PEINTURES<\/a><\/li>\n<\/ul>\n<\/li>\n<\/ul><\/div><\/strong>[\/vc_column_text]\t\t<\/div><\/div>[\/vc_column][\/vc_row]<\/p>\n","protected":false},"excerpt":{"rendered":"<p>[vc_row type=&#8221;vc_default&#8221; full_width=&#8221;stretch_row&#8221; bg_type=&#8221;image&#8221; parallax_style=&#8221;vcpb-default&#8221; bg_image_new=&#8221;id^438|url^http:\/\/www.grupoiraco.com\/wp-content\/uploads\/2017\/02\/gotass.jpg|caption^null|alt^null|title^gotass|description^null&#8221; bg_image_repeat=&#8221;no-repeat&#8221; css=&#8221;.vc_custom_1486576121801{margin-top: -50px !important;}&#8221;][vc_column][vc_empty_space height=&#8221;250px&#8221;][\/vc_column][\/vc_row][vc_row][vc_column][\/vc_column][\/vc_row][vc_row][vc_column width=&#8221;3\/4&#8243;][vc_column_text][\/vc_column_text][vc_row_inner][vc_column_inner width=&#8221;1\/2&#8243;][\/vc_column_inner][vc_column_inner width=&#8221;1\/2&#8243;][\/vc_column_inner][\/vc_row_inner][vc_row_inner][vc_column_inner width=&#8221;1\/2&#8243;][\/vc_column_inner][vc_column_inner width=&#8221;1\/2&#8243;][\/vc_column_inner][\/vc_row_inner][vc_row_inner][vc_column_inner width=&#8221;1\/2&#8243;][\/vc_column_inner][vc_column_inner width=&#8221;1\/2&#8243;][\/vc_column_inner][\/vc_row_inner][vc_empty_space height=&#8221;50px&#8221;][vc_message message_box_color=&#8221;white&#8221; icon_fontawesome=&#8221;fa fa-check&#8221;] ASSURANCE D\u00c9CENNALE APR\u00c8S TRAVAUX DE 10 ANS UN AVANTAGE EXCLUSIF POUR NOS COLLABORATEURS. Chez GRUPO IRACO nous croyons&hellip; <a class=\"read-more-link\" href=\"https:\/\/www.grupoiraco.com\/fr\/etancheite\/\">[+]<\/a><\/p>\n","protected":false},"author":1,"featured_media":0,"parent":0,"menu_order":0,"comment_status":"closed","ping_status":"closed","template":"","meta":[],"_links":{"self":[{"href":"https:\/\/www.grupoiraco.com\/fr\/wp-json\/wp\/v2\/pages\/1652"}],"collection":[{"href":"https:\/\/www.grupoiraco.com\/fr\/wp-json\/wp\/v2\/pages"}],"about":[{"href":"https:\/\/www.grupoiraco.com\/fr\/wp-json\/wp\/v2\/types\/page"}],"author":[{"embeddable":true,"href":"https:\/\/www.grupoiraco.com\/fr\/wp-json\/wp\/v2\/users\/1"}],"replies":[{"embeddable":true,"href":"https:\/\/www.grupoiraco.com\/fr\/wp-json\/wp\/v2\/comments?post=1652"}],"version-history":[{"count":6,"href":"https:\/\/www.grupoiraco.com\/fr\/wp-json\/wp\/v2\/pages\/1652\/revisions"}],"predecessor-version":[{"id":3130,"href":"https:\/\/www.grupoiraco.com\/fr\/wp-json\/wp\/v2\/pages\/1652\/revisions\/3130"}],"wp:attachment":[{"href":"https:\/\/www.grupoiraco.com\/fr\/wp-json\/wp\/v2\/media?parent=1652"}],"curies":[{"name":"wp","href":"https:\/\/api.w.org\/{rel}","templated":true}]}}