{"id":1495,"date":"2018-06-19T15:17:22","date_gmt":"2018-06-19T15:17:22","guid":{"rendered":"http:\/\/www.grupoiraco.com\/?page_id=1495&#038;lang=fr"},"modified":"2020-11-05T09:49:42","modified_gmt":"2020-11-05T09:49:42","slug":"presentation-du-groupe-iraco","status":"publish","type":"page","link":"https:\/\/www.grupoiraco.com\/fr\/presentation-du-groupe-iraco\/","title":{"rendered":"PR\u00c9SENTATION DU GROUPE IRACO"},"content":{"rendered":"<p>[vc_row][vc_column css=&#8221;.vc_custom_1604569756794{margin-top: -50px !important;}&#8221;]\n\t\t\t<!-- START presentacionfr REVOLUTION SLIDER 6.3.4 --><p class=\"rs-p-wp-fix\"><\/p>\n\t\t\t<rs-module-wrap id=\"rev_slider_3_1_wrapper\" data-source=\"gallery\" style=\"background:transparent;padding:0;margin:0px auto;margin-top:-50;margin-bottom:0;\">\n\t\t\t\t<rs-module id=\"rev_slider_3_1\" style=\"\" data-version=\"6.3.4\">\n\t\t\t\t\t<rs-slides>\n\t\t\t\t\t\t<rs-slide data-key=\"rs-10\" data-title=\"Slide\" data-anim=\"ei:d;eo:d;s:600;t:fade;sl:d;\">\n\t\t\t\t\t\t\t<img src=\"\/\/www.grupoiraco.com\/wp-content\/uploads\/2017\/02\/gruas_2.jpg\" title=\"PR\u00c9SENTATION DU GROUPE IRACO\" data-bg=\"p:50% 20%;\" class=\"rev-slidebg\" data-no-retina>\n<!--\n\t\t\t\t\t\t\t--><rs-layer\n\t\t\t\t\t\t\t\tid=\"slider-3-slide-10-layer-1\" \n\t\t\t\t\t\t\t\tclass=\"tp-shape tp-shapewrapper\"\n\t\t\t\t\t\t\t\tdata-type=\"shape\"\n\t\t\t\t\t\t\t\tdata-rsp_ch=\"on\"\n\t\t\t\t\t\t\t\tdata-xy=\"x:c;y:b;\"\n\t\t\t\t\t\t\t\tdata-text=\"w:normal;fw:100;\"\n\t\t\t\t\t\t\t\tdata-dim=\"w:1900px;h:56px;\"\n\t\t\t\t\t\t\t\tdata-frame_0=\"tp:600;\"\n\t\t\t\t\t\t\t\tdata-frame_1=\"tp:600;e:power2.inOut;st:500;\"\n\t\t\t\t\t\t\t\tdata-frame_999=\"o:0;tp:600;e:nothing;st:w;\"\n\t\t\t\t\t\t\t\tstyle=\"z-index:5;background-color:rgba(255,255,255,0.80);\"\n\t\t\t\t\t\t\t> \n\t\t\t\t\t\t\t<\/rs-layer><!--\n\n\t\t\t\t\t\t\t--><rs-layer\n\t\t\t\t\t\t\t\tid=\"slider-3-slide-10-layer-4\" \n\t\t\t\t\t\t\t\tclass=\"titulines-sinsombra\"\n\t\t\t\t\t\t\t\tdata-type=\"text\"\n\t\t\t\t\t\t\t\tdata-color=\"rgba(255,255,255,1)\"\n\t\t\t\t\t\t\t\tdata-rsp_ch=\"on\"\n\t\t\t\t\t\t\t\tdata-xy=\"x:59px;y:149px;\"\n\t\t\t\t\t\t\t\tdata-text=\"s:36;l:38;fw:700;\"\n\t\t\t\t\t\t\t\tdata-frame_0=\"tp:600;\"\n\t\t\t\t\t\t\t\tdata-frame_1=\"tp:600;e:power2.inOut;st:500;\"\n\t\t\t\t\t\t\t\tdata-frame_999=\"o:0;tp:600;e:nothing;st:w;\"\n\t\t\t\t\t\t\t\tstyle=\"z-index:6;font-family:Roboto;\"\n\t\t\t\t\t\t\t>DEPUIS 1984<BR\/>\nSERVICES TECHNIQUES <br\/>\nEN \u00c9TANCH\u00c9IT\u00c9 \n\t\t\t\t\t\t\t<\/rs-layer><!--\n-->\t\t\t\t\t\t<\/rs-slide>\n\t\t\t\t\t<\/rs-slides>\n\t\t\t\t<\/rs-module>\n\t\t\t\t<script type=\"text\/javascript\">\n\t\t\t\t\tsetREVStartSize({c: 'rev_slider_3_1',rl:[1240,1024,778,480],el:[],gw:[1240],gh:[500],type:'standard',justify:'',layout:'fullwidth',mh:\"0\"});\n\t\t\t\t\tvar\trevapi3,\n\t\t\t\t\t\ttpj;\n\t\t\t\t\tfunction revinit_revslider31() {\n\t\t\t\t\tjQuery(function() {\n\t\t\t\t\t\ttpj = jQuery;\n\t\t\t\t\t\trevapi3 = tpj(\"#rev_slider_3_1\");\n\t\t\t\t\t\tif(revapi3==undefined || revapi3.revolution == undefined){\n\t\t\t\t\t\t\trevslider_showDoubleJqueryError(\"rev_slider_3_1\");\n\t\t\t\t\t\t}else{\n\t\t\t\t\t\t\trevapi3.revolution({\n\t\t\t\t\t\t\t\tsliderLayout:\"fullwidth\",\n\t\t\t\t\t\t\t\tvisibilityLevels:\"1240,1024,778,480\",\n\t\t\t\t\t\t\t\tgridwidth:1240,\n\t\t\t\t\t\t\t\tgridheight:500,\n\t\t\t\t\t\t\t\tspinner:\"spinner0\",\n\t\t\t\t\t\t\t\tperspectiveType:\"local\",\n\t\t\t\t\t\t\t\tresponsiveLevels:\"1240,1024,778,480\",\n\t\t\t\t\t\t\t\tprogressBar:{disableProgressBar:true},\n\t\t\t\t\t\t\t\tnavigation: {\n\t\t\t\t\t\t\t\t\tonHoverStop:false\n\t\t\t\t\t\t\t\t},\n\t\t\t\t\t\t\t\tfallbacks: {\n\t\t\t\t\t\t\t\t\tallowHTML5AutoPlayOnAndroid:true\n\t\t\t\t\t\t\t\t},\n\t\t\t\t\t\t\t});\n\t\t\t\t\t\t}\n\t\t\t\t\t\t\n\t\t\t\t\t});\n\t\t\t\t\t} \/\/ End of RevInitScript\n\t\t\t\tvar once_revslider31 = false;\n\t\t\t\tif (document.readyState === \"loading\") {document.addEventListener('readystatechange',function() { if((document.readyState === \"interactive\" || document.readyState === \"complete\") && !once_revslider31 ) { once_revslider31 = true; revinit_revslider31();}});} else {once_revslider31 = true; revinit_revslider31();}\n\t\t\t\t<\/script>\n\t\t\t<\/rs-module-wrap>\n\t\t\t<!-- END REVOLUTION SLIDER -->\n[vc_empty_space height=&#8221;50px&#8221;][vc_column_text]Depuis 1984, notre soci\u00e9t\u00e9 a ex\u00e9cut\u00e9 avec succ\u00e8s plus de 24.000.000 m\u00b2 de syst\u00e8mes d\u2019imperm\u00e9abilisation. Gr\u00e2ce \u00e0 notre \u00e9quipe compos\u00e9e de grands professionnels et nos savoir-faire, tout au long de ces ann\u00e9es, notre soci\u00e9t\u00e9\u00a0GRUPO IRACO ADVANCED COATING SYSTEMS est devenue comme le leader incontest\u00e9 du secteur, avec plus de 13.800 projets r\u00e9alis\u00e9s.<\/p>\n<p>&nbsp;<\/p>\n<p><strong>1984 <\/strong><\/p>\n<p>IRACO na\u00eet de la vocation de fournir des services techniques d&#8217;\u00e9tanch\u00e9it\u00e9. \u00c0 cet effet, IRACO a constitu\u00e9 des soci\u00e9t\u00e9s-s\u0153urs &#8211; divisions ex\u00e9cutives sp\u00e9cialis\u00e9es dans chaque activit\u00e9 : KIOF, CHAPA L\u00cdQUIDA, CGI et IRC.<\/p>\n<p><strong>2010 <\/strong><\/p>\n<p>IRACO devient <strong>GRUPO IRACO ADVANCED COATING SYSTEMS<\/strong>, soci\u00e9t\u00e9 comprenant toutes ses entreprises &#8211; divisions ex\u00e9cutives dans un seul organisme.<\/p>\n<p>Afin de continuer \u00e0 offrir les meilleures solutions techniques avec un service complet beaucoup plus dynamique et rapide.<\/p>\n<p>Ce nouveau bond en avant nous permet de travailler avec une culture fond\u00e9e sur la planification, avec une vision transversale de tous les proc\u00e9d\u00e9s de production. En apportant de la valeur ajout\u00e9e de la fa\u00e7on la plus comp\u00e9titive et efficace.<\/p>\n<p>&nbsp;<\/p>\n<h4 style=\"text-align: center;\"><\/h4>\n<h4 style=\"text-align: center;\"><span style=\"color: #000000;\">LES SYST\u00c8MES DE GRUPO IRACO ADVANCED COATING SYSTEMS<br \/>\nOFFRENT LA TECHNIQUE LA PLUS AVANC\u00c9E, APPLIQU\u00c9E DE LA FA\u00c7ON LA PLUS EFFICACE.<\/span><\/h4>\n<p>[\/vc_column_text][\/vc_column][\/vc_row]<\/p>\n","protected":false},"excerpt":{"rendered":"<p>[vc_row][vc_column css=&#8221;.vc_custom_1604569756794{margin-top: -50px !important;}&#8221;][vc_empty_space height=&#8221;50px&#8221;][vc_column_text]Depuis 1984, notre soci\u00e9t\u00e9 a ex\u00e9cut\u00e9 avec succ\u00e8s plus de 24.000.000 m\u00b2 de syst\u00e8mes d\u2019imperm\u00e9abilisation. Gr\u00e2ce \u00e0 notre \u00e9quipe compos\u00e9e de grands professionnels et nos savoir-faire, tout au long de ces ann\u00e9es, notre soci\u00e9t\u00e9\u00a0GRUPO IRACO ADVANCED&hellip; <a class=\"read-more-link\" href=\"https:\/\/www.grupoiraco.com\/fr\/presentation-du-groupe-iraco\/\">[+]<\/a><\/p>\n","protected":false},"author":1,"featured_media":0,"parent":0,"menu_order":0,"comment_status":"closed","ping_status":"closed","template":"","meta":[],"_links":{"self":[{"href":"https:\/\/www.grupoiraco.com\/fr\/wp-json\/wp\/v2\/pages\/1495"}],"collection":[{"href":"https:\/\/www.grupoiraco.com\/fr\/wp-json\/wp\/v2\/pages"}],"about":[{"href":"https:\/\/www.grupoiraco.com\/fr\/wp-json\/wp\/v2\/types\/page"}],"author":[{"embeddable":true,"href":"https:\/\/www.grupoiraco.com\/fr\/wp-json\/wp\/v2\/users\/1"}],"replies":[{"embeddable":true,"href":"https:\/\/www.grupoiraco.com\/fr\/wp-json\/wp\/v2\/comments?post=1495"}],"version-history":[{"count":6,"href":"https:\/\/www.grupoiraco.com\/fr\/wp-json\/wp\/v2\/pages\/1495\/revisions"}],"predecessor-version":[{"id":55016,"href":"https:\/\/www.grupoiraco.com\/fr\/wp-json\/wp\/v2\/pages\/1495\/revisions\/55016"}],"wp:attachment":[{"href":"https:\/\/www.grupoiraco.com\/fr\/wp-json\/wp\/v2\/media?parent=1495"}],"curies":[{"name":"wp","href":"https:\/\/api.w.org\/{rel}","templated":true}]}}