{"id":3294,"date":"2018-06-23T06:15:32","date_gmt":"2018-06-23T06:15:32","guid":{"rendered":"http:\/\/www.grupoiraco.com\/fiches-de-produit-2\/"},"modified":"2018-07-28T08:10:09","modified_gmt":"2018-07-28T08:10:09","slug":"product-datasheets","status":"publish","type":"page","link":"https:\/\/www.grupoiraco.com\/en\/product-datasheets\/","title":{"rendered":"PRODUCT DATASHEETS"},"content":{"rendered":"<p>[vc_row type=&#8221;vc_default&#8221; full_width=&#8221;stretch_row&#8221; bg_type=&#8221;image&#8221; parallax_style=&#8221;vcpb-default&#8221; bg_image_new=&#8221;id^438|url^http:\/\/www.grupoiraco.com\/wp-content\/uploads\/2017\/02\/gotass.jpg|caption^null|alt^null|title^gotass|description^null&#8221; bg_image_repeat=&#8221;no-repeat&#8221; css=&#8221;.vc_custom_1486576121801{margin-top: -50px !important;}&#8221;][vc_column][vc_empty_space height=&#8221;250px&#8221;][\/vc_column][\/vc_row][vc_row][vc_column][vc_column_text]<\/p>\n<h2>PRODUCT DATASHEETS<\/h2>\n<p>[\/vc_column_text][vc_empty_space]<div class=\"dt-fancy-separator h2-size style-dotted\" style=\"width: 100%;\"><div class=\"dt-fancy-title\" style=\"color: #002147;\"><span class=\"separator-holder separator-left\"><\/span>PRIMAIRES<span class=\"separator-holder separator-right\"><\/span><\/div><\/div>[vc_empty_space][vc_row_inner][vc_column_inner width=&#8221;1\/2&#8243;][vc_cta h2=&#8221;&#8221; txt_align=&#8221;center&#8221; color=&#8221;white&#8221; css=&#8221;.vc_custom_1532326256766{border-top-width: 2px !important;border-right-width: 2px !important;border-bottom-width: 2px !important;border-left-width: 2px !important;background-color: #ffffff !important;}&#8221; el_class=&#8221;altoficha&#8221;]<\/p>\n<p style=\"text-align: center;\"><img loading=\"lazy\" class=\"size-medium wp-image-3247 aligncenter\" src=\"http:\/\/www.grupoiraco.com\/wp-content\/uploads\/2018\/07\/aquapro-primer-ep-02-300x88.jpg\" alt=\"\" width=\"300\" height=\"88\" srcset=\"https:\/\/www.grupoiraco.com\/wp-content\/uploads\/2018\/07\/aquapro-primer-ep-02-300x88.jpg 300w, https:\/\/www.grupoiraco.com\/wp-content\/uploads\/2018\/07\/aquapro-primer-ep-02-768x225.jpg 768w, https:\/\/www.grupoiraco.com\/wp-content\/uploads\/2018\/07\/aquapro-primer-ep-02.jpg 867w\" sizes=\"(max-width: 300px) 100vw, 300px\" \/><\/p>\n<p style=\"text-align: center;\">AQUAPRO PRIMER EP 02 est un primaire en \u00e9poxy 100% solides form\u00e9 par 2 composants.\u00a0Sp\u00e9cialement con\u00e7u pour augmenter l&#8217;adh\u00e9rence des syst\u00e8mes de rev\u00e8tements de sols, et\u00a0AQUAPRO TOPCOATING 2.5 et d&#8217;\u00e9tanch\u00e9it\u00e9s AQUAPRO PY \/ PU sur b\u00e9ton.<\/p>\n<p style=\"text-align: center;\"><a href=\"http:\/\/www.grupoiraco.com\/wp-content\/uploads\/datasheets\/TDS_FR_AQUAPRO_PRIMER_EP_02.pdf\" target=\"_blank\" rel=\"noopener\"><b>DOWNLOAD<\/b><\/a><\/p>\n<p>[\/vc_cta][\/vc_column_inner][vc_column_inner width=&#8221;1\/2&#8243;][vc_cta h2=&#8221;&#8221; txt_align=&#8221;center&#8221; color=&#8221;white&#8221; css=&#8221;.vc_custom_1532326274628{border-top-width: 2px !important;border-right-width: 2px !important;border-bottom-width: 2px !important;border-left-width: 2px !important;background-color: #ffffff !important;}&#8221; el_class=&#8221;altoficha&#8221;]<\/p>\n<p style=\"text-align: center;\"><img loading=\"lazy\" class=\"aligncenter size-medium wp-image-3248\" src=\"http:\/\/www.grupoiraco.com\/wp-content\/uploads\/2018\/07\/aquapro-primer-epw-02-300x87.jpg\" alt=\"\" width=\"300\" height=\"87\" srcset=\"https:\/\/www.grupoiraco.com\/wp-content\/uploads\/2018\/07\/aquapro-primer-epw-02-300x87.jpg 300w, https:\/\/www.grupoiraco.com\/wp-content\/uploads\/2018\/07\/aquapro-primer-epw-02-768x223.jpg 768w, https:\/\/www.grupoiraco.com\/wp-content\/uploads\/2018\/07\/aquapro-primer-epw-02.jpg 966w\" sizes=\"(max-width: 300px) 100vw, 300px\" \/>AQUAPRO PRIMER EPw 02 est un primaire en \u00e9poxy \u00e0 l&#8217;eau form\u00e9 par 2 composants.<\/p>\n<p style=\"text-align: center;\"><a href=\"http:\/\/www.grupoiraco.com\/wp-content\/uploads\/datasheets\/TDS_FR_AQUAPRO_PRIMER_EPW_02.pdf\" target=\"_blank\" rel=\"noopener\"><b>DOWNLOAD<\/b><\/a><\/p>\n<p>[\/vc_cta][\/vc_column_inner][\/vc_row_inner][vc_row_inner][vc_column_inner width=&#8221;1\/2&#8243;][vc_cta h2=&#8221;&#8221; txt_align=&#8221;center&#8221; color=&#8221;white&#8221; css=&#8221;.vc_custom_1532326295777{border-top-width: 2px !important;border-right-width: 2px !important;border-bottom-width: 2px !important;border-left-width: 2px !important;background-color: #ffffff !important;}&#8221; el_class=&#8221;altoficha&#8221;]<\/p>\n<p style=\"text-align: center;\"><img loading=\"lazy\" class=\"aligncenter size-medium wp-image-3249\" src=\"http:\/\/www.grupoiraco.com\/wp-content\/uploads\/2018\/07\/aquapro-primer-pu-01-300x89.jpg\" alt=\"\" width=\"300\" height=\"89\" srcset=\"https:\/\/www.grupoiraco.com\/wp-content\/uploads\/2018\/07\/aquapro-primer-pu-01-300x89.jpg 300w, https:\/\/www.grupoiraco.com\/wp-content\/uploads\/2018\/07\/aquapro-primer-pu-01-768x228.jpg 768w, https:\/\/www.grupoiraco.com\/wp-content\/uploads\/2018\/07\/aquapro-primer-pu-01.jpg 860w\" sizes=\"(max-width: 300px) 100vw, 300px\" \/>AQUAPRO PRIMER PU 01 est un primaire en polyur\u00e9thane form\u00e9 par 2 composants avec une\u00a0viscosit\u00e9 r\u00e9duite, 100% solides.<\/p>\n<p style=\"text-align: center;\"><a href=\"http:\/\/www.grupoiraco.com\/wp-content\/uploads\/datasheets\/TDS_FR_AQUAPRO_PRIMER_PU_01.pdf\" target=\"_blank\" rel=\"noopener\"><b>DOWNLOAD<\/b><\/a><\/p>\n<p>[\/vc_cta][\/vc_column_inner][vc_column_inner width=&#8221;1\/2&#8243;][vc_cta h2=&#8221;&#8221; txt_align=&#8221;center&#8221; color=&#8221;white&#8221; css=&#8221;.vc_custom_1532326314604{border-top-width: 2px !important;border-right-width: 2px !important;border-bottom-width: 2px !important;border-left-width: 2px !important;background-color: #ffffff !important;}&#8221; el_class=&#8221;altoficha&#8221;]<\/p>\n<p style=\"text-align: center;\"><img loading=\"lazy\" class=\"aligncenter size-medium wp-image-3250\" src=\"http:\/\/www.grupoiraco.com\/wp-content\/uploads\/2018\/07\/aquapro-primer-pu-1000-300x74.jpg\" alt=\"\" width=\"300\" height=\"74\" srcset=\"https:\/\/www.grupoiraco.com\/wp-content\/uploads\/2018\/07\/aquapro-primer-pu-1000-300x74.jpg 300w, https:\/\/www.grupoiraco.com\/wp-content\/uploads\/2018\/07\/aquapro-primer-pu-1000-768x190.jpg 768w, https:\/\/www.grupoiraco.com\/wp-content\/uploads\/2018\/07\/aquapro-primer-pu-1000-1024x254.jpg 1024w, https:\/\/www.grupoiraco.com\/wp-content\/uploads\/2018\/07\/aquapro-primer-pu-1000.jpg 1026w\" sizes=\"(max-width: 300px) 100vw, 300px\" \/>AQUAPRO PRIMER PU-1000 est un primaire en polyur\u00e9thane monocomposant.<\/p>\n<p style=\"text-align: center;\"><a href=\"http:\/\/www.grupoiraco.com\/wp-content\/uploads\/datasheets\/TDS_FR_AQUAPRO_PRIMER_PU_1000.pdf\" target=\"_blank\" rel=\"noopener\"><b>DOWNLOAD<\/b><\/a><\/p>\n<p>[\/vc_cta][\/vc_column_inner][\/vc_row_inner][vc_row_inner][vc_column_inner width=&#8221;1\/2&#8243;][vc_cta h2=&#8221;&#8221; txt_align=&#8221;center&#8221; color=&#8221;white&#8221; css=&#8221;.vc_custom_1532326676832{border-top-width: 2px !important;border-right-width: 2px !important;border-bottom-width: 2px !important;border-left-width: 2px !important;background-color: #ffffff !important;}&#8221; el_class=&#8221;altoficha&#8221;]<\/p>\n<p style=\"text-align: center;\"><img loading=\"lazy\" class=\"aligncenter size-medium wp-image-3260\" src=\"http:\/\/www.grupoiraco.com\/wp-content\/uploads\/2018\/07\/primer-wet-02-300x74.jpg\" alt=\"\" width=\"300\" height=\"74\" srcset=\"https:\/\/www.grupoiraco.com\/wp-content\/uploads\/2018\/07\/primer-wet-02-300x74.jpg 300w, https:\/\/www.grupoiraco.com\/wp-content\/uploads\/2018\/07\/primer-wet-02-768x190.jpg 768w, https:\/\/www.grupoiraco.com\/wp-content\/uploads\/2018\/07\/primer-wet-02.jpg 1009w\" sizes=\"(max-width: 300px) 100vw, 300px\" \/>AQUAPRO PRIMER WET 02 est une r\u00e9sine sans solvant, \u00e0 faible viscosit\u00e9, applicable en une\u00a0seule couche. Il est sp\u00e9cialement con\u00e7u pour augmenter l&#8217;adh\u00e9rence des syst\u00e8mes\u00a0d&#8217;\u00e9tanch\u00e9it\u00e9 liquide essentiellement, AQUAPRO PY \/ PU, l\u00e0 o\u00f9 les supports pr\u00e9sente une forte\u00a0humidit\u00e9 r\u00e9siduelle. L&#8217;application est recommand\u00e9e sur les surfaces poreuses comme le b\u00e9ton\u00a0ou le mortier.<\/p>\n<p style=\"text-align: center;\"><a href=\"http:\/\/www.grupoiraco.com\/wp-content\/uploads\/datasheets\/TDS_FR_AQUAPRO_PRIMER_WET_02.pdf\" target=\"_blank\" rel=\"noopener\"><b>DOWNLOAD<\/b><\/a><\/p>\n<p>[\/vc_cta][\/vc_column_inner][vc_column_inner width=&#8221;1\/2&#8243;][\/vc_column_inner][\/vc_row_inner][vc_empty_space]<div class=\"dt-fancy-separator h2-size style-dotted\" style=\"width: 100%;\"><div class=\"dt-fancy-title\" style=\"color: #002147;\"><span class=\"separator-holder separator-left\"><\/span>MEMBRANES<span class=\"separator-holder separator-right\"><\/span><\/div><\/div>[vc_empty_space][vc_row_inner][vc_column_inner width=&#8221;1\/2&#8243;][vc_cta h2=&#8221;&#8221; txt_align=&#8221;center&#8221; color=&#8221;white&#8221; css=&#8221;.vc_custom_1532326371161{border-top-width: 2px !important;border-right-width: 2px !important;border-bottom-width: 2px !important;border-left-width: 2px !important;background-color: #ffffff !important;}&#8221; el_class=&#8221;altoficha&#8221;]<\/p>\n<p style=\"text-align: center;\"><img loading=\"lazy\" class=\"aligncenter size-medium wp-image-3252\" src=\"http:\/\/www.grupoiraco.com\/wp-content\/uploads\/2018\/07\/aquapro-py-01-300x122.jpg\" alt=\"\" width=\"300\" height=\"122\" srcset=\"https:\/\/www.grupoiraco.com\/wp-content\/uploads\/2018\/07\/aquapro-py-01-300x122.jpg 300w, https:\/\/www.grupoiraco.com\/wp-content\/uploads\/2018\/07\/aquapro-py-01.jpg 624w\" sizes=\"(max-width: 300px) 100vw, 300px\" \/>La polyur\u00e9e 100% pure AQUAPRO PY 01 a \u00e9t\u00e9 d\u00e9velopp\u00e9e comme rev\u00eatement unique et\u00a0d\u00e9di\u00e9e \u00e0 l&#8217;\u00e9tanch\u00e9it\u00e9, la protection et le scellage en g\u00e9n\u00e9ral. La membrane pure polyur\u00e9e\u00a0AQUAPRO PY 01 est obtenue \u00e0 partir du m\u00e9lange de deux composants liquides, isocyanates\u00a0et amines, \u00e0 l&#8217;aide d&#8217;un \u00e9quipement de projection bi-composants. Il poss\u00e8de le marquage CE,\u00a0sur la base de la d\u00e9claration de performance (DoP) dont les caract\u00e9ristiques sont conformes \u00e0\u00a0la r\u00e9glementation UE N\u00b0305 \/ 2011.<\/p>\n<p style=\"text-align: center;\"><a href=\"http:\/\/www.grupoiraco.com\/wp-content\/uploads\/datasheets\/TDS_FR_AQUAPRO_PY_01.pdf\" target=\"_blank\" rel=\"noopener\"><b>DOWNLOAD<\/b><\/a><\/p>\n<p>[\/vc_cta][\/vc_column_inner][vc_column_inner width=&#8221;1\/2&#8243;][vc_cta h2=&#8221;&#8221; txt_align=&#8221;center&#8221; color=&#8221;white&#8221; css=&#8221;.vc_custom_1532326402874{border-top-width: 2px !important;border-right-width: 2px !important;border-bottom-width: 2px !important;border-left-width: 2px !important;background-color: #ffffff !important;}&#8221; el_class=&#8221;altoficha&#8221;]<\/p>\n<p style=\"text-align: center;\"><img loading=\"lazy\" class=\"aligncenter size-medium wp-image-3253\" src=\"http:\/\/www.grupoiraco.com\/wp-content\/uploads\/2018\/07\/aquapro-py-01-ex-300x122.jpg\" alt=\"\" width=\"300\" height=\"122\" srcset=\"https:\/\/www.grupoiraco.com\/wp-content\/uploads\/2018\/07\/aquapro-py-01-ex-300x122.jpg 300w, https:\/\/www.grupoiraco.com\/wp-content\/uploads\/2018\/07\/aquapro-py-01-ex.jpg 624w\" sizes=\"(max-width: 300px) 100vw, 300px\" \/>La membrane AQUAPRO PY 01 EX a \u00e9t\u00e9 d\u00e9velopp\u00e9e comme un rev\u00eatement unique pour\u00a0l&#8217;\u00e9tanch\u00e9it\u00e9, l&#8217;isolation thermique et la protection en g\u00e9n\u00e9ral. Sa forme continue prot\u00e8ge sans\u00a0joints ni chevauchements. A l&#8217;application ce mat\u00e9riaux, s&#8217;expanse 5 \u00e0 7 fois son volume initial.\u00a0La membrane AQUAPRO PY 01 EX est obtenue \u00e0 partir d&#8217;un m\u00e9lange de deux composants:\u00a0isocyanates et amines.<\/p>\n<p style=\"text-align: center;\"><a href=\"http:\/\/www.grupoiraco.com\/wp-content\/uploads\/datasheets\/TDS_FR_AQUAPRO_PY_01_EX.pdf\" target=\"_blank\" rel=\"noopener\"><b>DOWNLOAD<\/b><\/a><\/p>\n<p>[\/vc_cta][\/vc_column_inner][\/vc_row_inner][vc_row_inner][vc_column_inner width=&#8221;1\/2&#8243;][vc_cta h2=&#8221;&#8221; txt_align=&#8221;center&#8221; color=&#8221;white&#8221; css=&#8221;.vc_custom_1532326719325{border-top-width: 2px !important;border-right-width: 2px !important;border-bottom-width: 2px !important;border-left-width: 2px !important;background-color: #ffffff !important;}&#8221; el_class=&#8221;altoficha&#8221;]<\/p>\n<p style=\"text-align: center;\"><img loading=\"lazy\" class=\"aligncenter size-medium wp-image-3261\" src=\"http:\/\/www.grupoiraco.com\/wp-content\/uploads\/2018\/07\/aquapro-py-01-lv-300x118.jpg\" alt=\"\" width=\"300\" height=\"118\" srcset=\"https:\/\/www.grupoiraco.com\/wp-content\/uploads\/2018\/07\/aquapro-py-01-lv-300x118.jpg 300w, https:\/\/www.grupoiraco.com\/wp-content\/uploads\/2018\/07\/aquapro-py-01-lv.jpg 633w\" sizes=\"(max-width: 300px) 100vw, 300px\" \/>La polyur\u00e9e 100% pure AQUAPRO PY 01 LV a \u00e9t\u00e9 d\u00e9velopp\u00e9e comme rev\u00eatement unique et\u00a0d\u00e9di\u00e9e \u00e0 la protection et le scellage en g\u00e9n\u00e9ral de la mousse de polyur\u00e9thane aux rayons UV.<br \/>\nLa membrane pure polyur\u00e9e AQUAPRO PY 01 LV est obtenue \u00e0 partir du m\u00e9lange de deux\u00a0composants liquides, isocyanates et amines, \u00e0 l&#8217;aide d&#8217;un \u00e9quipement de projection bicomposants.<\/p>\n<p style=\"text-align: center;\"><a href=\"http:\/\/www.grupoiraco.com\/wp-content\/uploads\/datasheets\/TDS_FR_AQUAPRO_PY_01_LV.pdf\" target=\"_blank\" rel=\"noopener\"><b>DOWNLOAD<\/b><\/a><\/p>\n<p>[\/vc_cta][\/vc_column_inner][vc_column_inner width=&#8221;1\/2&#8243;][vc_cta h2=&#8221;&#8221; txt_align=&#8221;center&#8221; color=&#8221;white&#8221; css=&#8221;.vc_custom_1532326448178{border-top-width: 2px !important;border-right-width: 2px !important;border-bottom-width: 2px !important;border-left-width: 2px !important;background-color: #ffffff !important;}&#8221; el_class=&#8221;altoficha&#8221;]<\/p>\n<p style=\"text-align: center;\"><img loading=\"lazy\" class=\"aligncenter size-medium wp-image-3255\" src=\"http:\/\/www.grupoiraco.com\/wp-content\/uploads\/2018\/07\/aquapro-py-02-300x122.jpg\" alt=\"\" width=\"300\" height=\"122\" srcset=\"https:\/\/www.grupoiraco.com\/wp-content\/uploads\/2018\/07\/aquapro-py-02-300x122.jpg 300w, https:\/\/www.grupoiraco.com\/wp-content\/uploads\/2018\/07\/aquapro-py-02.jpg 624w\" sizes=\"(max-width: 300px) 100vw, 300px\" \/>La polyur\u00e9e AQUAPRO PY 02 a \u00e9t\u00e9 d\u00e9velopp\u00e9e comme rev\u00eatement unique et d\u00e9di\u00e9e \u00e0\u00a0l&#8217;\u00e9tanch\u00e9it\u00e9, la protection et le scellage en g\u00e9n\u00e9ral. La membrane hybride AQUAPRO PY 02\u00a0est obtenue \u00e0 partir du m\u00e9lange de deux composants liquides, isocyanates et amines, \u00e0 l&#8217;aide\u00a0d&#8217;un \u00e9quipement de projection bi-composants.<\/p>\n<p style=\"text-align: center;\"><a href=\"http:\/\/www.grupoiraco.com\/wp-content\/uploads\/datasheets\/TDS_FR_AQUAPRO_PY_02.pdf\" target=\"_blank\" rel=\"noopener\"><b>DOWNLOAD<\/b><\/a><\/p>\n<p>[\/vc_cta][\/vc_column_inner][\/vc_row_inner][vc_empty_space]<div class=\"dt-fancy-separator h2-size style-dotted\" style=\"width: 100%;\"><div class=\"dt-fancy-title\" style=\"color: #002147;\"><span class=\"separator-holder separator-left\"><\/span>VERNIS<span class=\"separator-holder separator-right\"><\/span><\/div><\/div>[vc_empty_space][vc_row_inner][vc_column_inner width=&#8221;1\/2&#8243;][vc_cta h2=&#8221;&#8221; txt_align=&#8221;center&#8221; color=&#8221;white&#8221; css=&#8221;.vc_custom_1532326476912{border-top-width: 2px !important;border-right-width: 2px !important;border-bottom-width: 2px !important;border-left-width: 2px !important;background-color: #ffffff !important;}&#8221; el_class=&#8221;altoficha&#8221;]<\/p>\n<p style=\"text-align: center;\"><img loading=\"lazy\" class=\"aligncenter size-medium wp-image-3245\" src=\"http:\/\/www.grupoiraco.com\/wp-content\/uploads\/2018\/07\/aquapro-coating-uv-02-300x81.jpg\" alt=\"\" width=\"300\" height=\"81\" srcset=\"https:\/\/www.grupoiraco.com\/wp-content\/uploads\/2018\/07\/aquapro-coating-uv-02-300x81.jpg 300w, https:\/\/www.grupoiraco.com\/wp-content\/uploads\/2018\/07\/aquapro-coating-uv-02-768x208.jpg 768w, https:\/\/www.grupoiraco.com\/wp-content\/uploads\/2018\/07\/aquapro-coating-uv-02.jpg 940w\" sizes=\"(max-width: 300px) 100vw, 300px\" \/>AQUAPRO COATING UV 02 est une r\u00e9sine polyur\u00e9thane bi-composant, fluide, color\u00e9e,\u00a0brillante, \u00e0 haute r\u00e9sistance m\u00e9canique et aux rayons UV. Elle pr\u00e9sente de tr\u00e8s bonnes\u00a0conditions d&#8217;adh\u00e9rence, d&#8217;\u00e9lasticit\u00e9 et un grand pouvoir de recouvrement. Sa fonction principale\u00a0est la protection et le recouvrement des membranes face \u00e0 l&#8217;action des rayons solaires UV,\u00a0d&#8217;autres types de supports et pour la r\u00e9alisation de rev\u00eatement de sols.<\/p>\n<p style=\"text-align: center;\"><a href=\"http:\/\/www.grupoiraco.com\/wp-content\/uploads\/datasheets\/TDS_FR_AQUAPRO_COATING_UV_02.pdf\" target=\"_blank\" rel=\"noopener\"><b>DOWNLOAD<\/b><\/a><\/p>\n<p>[\/vc_cta][\/vc_column_inner][vc_column_inner width=&#8221;1\/2&#8243;][vc_cta h2=&#8221;&#8221; txt_align=&#8221;center&#8221; color=&#8221;white&#8221; css=&#8221;.vc_custom_1532326513832{border-top-width: 2px !important;border-right-width: 2px !important;border-bottom-width: 2px !important;border-left-width: 2px !important;background-color: #ffffff !important;}&#8221; el_class=&#8221;altoficha&#8221;]<\/p>\n<p style=\"text-align: center;\"><img loading=\"lazy\" class=\"aligncenter size-medium wp-image-3256\" src=\"http:\/\/www.grupoiraco.com\/wp-content\/uploads\/2018\/07\/aquapro-topcoating-25-300x74.jpg\" alt=\"\" width=\"300\" height=\"74\" srcset=\"https:\/\/www.grupoiraco.com\/wp-content\/uploads\/2018\/07\/aquapro-topcoating-25-300x74.jpg 300w, https:\/\/www.grupoiraco.com\/wp-content\/uploads\/2018\/07\/aquapro-topcoating-25-768x189.jpg 768w, https:\/\/www.grupoiraco.com\/wp-content\/uploads\/2018\/07\/aquapro-topcoating-25-1024x252.jpg 1024w, https:\/\/www.grupoiraco.com\/wp-content\/uploads\/2018\/07\/aquapro-topcoating-25.jpg 1034w\" sizes=\"(max-width: 300px) 100vw, 300px\" \/>AQUAPRO TOPCOATING 2.5 est un rev\u00eatement bi-composant, fluide, aliphatique et color\u00e9. Il\u00a0pr\u00e9sente une haute r\u00e9sistance m\u00e9canique et une bonne flexibilit\u00e9. Son application s&#8217;effectue\u00a0manuellement au rouleau, \u00e0 froid. Adapt\u00e9 en finition de rev\u00eatement de sols (convient aux\u00a0temp\u00e9ratures ext\u00e9rieures basses).<\/p>\n<p style=\"text-align: center;\"><a href=\"http:\/\/www.grupoiraco.com\/wp-content\/uploads\/datasheets\/TDS_FR_AQUAPRO_TOPCOATING_2_5.pdf\" target=\"_blank\" rel=\"noopener\"><b>DOWNLOAD<\/b><\/a><\/p>\n<p>[\/vc_cta][\/vc_column_inner][\/vc_row_inner][vc_empty_space]<div class=\"dt-fancy-separator h2-size style-dotted\" style=\"width: 100%;\"><div class=\"dt-fancy-title\" style=\"color: #002147;\"><span class=\"separator-holder separator-left\"><\/span>AUTRES<span class=\"separator-holder separator-right\"><\/span><\/div><\/div>[vc_empty_space][vc_row_inner][vc_column_inner width=&#8221;1\/2&#8243;][vc_cta h2=&#8221;&#8221; txt_align=&#8221;center&#8221; color=&#8221;white&#8221; css=&#8221;.vc_custom_1532326536627{border-top-width: 2px !important;border-right-width: 2px !important;border-bottom-width: 2px !important;border-left-width: 2px !important;background-color: #ffffff !important;}&#8221; el_class=&#8221;altoficha&#8221;]<\/p>\n<p style=\"text-align: center;\"><img loading=\"lazy\" class=\"aligncenter size-medium wp-image-3246\" src=\"http:\/\/www.grupoiraco.com\/wp-content\/uploads\/2018\/07\/aquapro-pigmento-300x116.jpg\" alt=\"\" width=\"300\" height=\"116\" srcset=\"https:\/\/www.grupoiraco.com\/wp-content\/uploads\/2018\/07\/aquapro-pigmento-300x116.jpg 300w, https:\/\/www.grupoiraco.com\/wp-content\/uploads\/2018\/07\/aquapro-pigmento.jpg 659w\" sizes=\"(max-width: 300px) 100vw, 300px\" \/>PIGMENTO ou p\u00e2te de pigmentation pour la coloration de nos r\u00e9sines aliphatiques AQUAPRO\u00a0TOPCOATING 2.5 et AQUAPRO COATING UV 02. Ceux-ci sont translucides d&#8217;origine et\u00a0peuvent \u00eatre color\u00e9s pour le client et selon le nuancier RAL Classic.<\/p>\n<p style=\"text-align: center;\"><a href=\"http:\/\/www.grupoiraco.com\/wp-content\/uploads\/datasheets\/TDS_FR_PIGMENTO.pdf\" target=\"_blank\" rel=\"noopener\"><b>DOWNLOAD<\/b><\/a><\/p>\n<p>[\/vc_cta][\/vc_column_inner][vc_column_inner width=&#8221;1\/2&#8243;][vc_cta h2=&#8221;&#8221; txt_align=&#8221;center&#8221; color=&#8221;white&#8221; css=&#8221;.vc_custom_1532326649282{border-top-width: 2px !important;border-right-width: 2px !important;border-bottom-width: 2px !important;border-left-width: 2px !important;background-color: #ffffff !important;}&#8221; el_class=&#8221;altoficha&#8221;]<\/p>\n<p style=\"text-align: center;\"><img loading=\"lazy\" class=\"aligncenter size-medium wp-image-3257\" src=\"http:\/\/www.grupoiraco.com\/wp-content\/uploads\/2018\/07\/anti-slip-02-300x96.jpg\" alt=\"\" width=\"300\" height=\"96\" srcset=\"https:\/\/www.grupoiraco.com\/wp-content\/uploads\/2018\/07\/anti-slip-02-300x96.jpg 300w, https:\/\/www.grupoiraco.com\/wp-content\/uploads\/2018\/07\/anti-slip-02-768x246.jpg 768w, https:\/\/www.grupoiraco.com\/wp-content\/uploads\/2018\/07\/anti-slip-02.jpg 778w\" sizes=\"(max-width: 300px) 100vw, 300px\" \/>Finition d\u00e9corative antid\u00e9rapante<br \/>\nv.20-06-2018<br \/>\nAQUAPRO ANTISLIP 02, est une poudre polyamide \u00e0 base de particules micronis\u00e9es, utilis\u00e9es\u00a0pour le m\u00e9lange avec AQUAPRO COATING UV 02 \/ TOPCOATING 2.5.<\/p>\n<p style=\"text-align: center;\"><a href=\"http:\/\/www.grupoiraco.com\/wp-content\/uploads\/datasheets\/TDS_FR_AQUAPRO_ANTISLIP_02.pdf\" target=\"_blank\" rel=\"noopener\"><b>DOWNLOAD<\/b><\/a><\/p>\n<p>[\/vc_cta][\/vc_column_inner][\/vc_row_inner][\/vc_column][\/vc_row]<\/p>\n","protected":false},"excerpt":{"rendered":"<p>[vc_row type=&#8221;vc_default&#8221; full_width=&#8221;stretch_row&#8221; bg_type=&#8221;image&#8221; parallax_style=&#8221;vcpb-default&#8221; bg_image_new=&#8221;id^438|url^http:\/\/www.grupoiraco.com\/wp-content\/uploads\/2017\/02\/gotass.jpg|caption^null|alt^null|title^gotass|description^null&#8221; bg_image_repeat=&#8221;no-repeat&#8221; css=&#8221;.vc_custom_1486576121801{margin-top: -50px !important;}&#8221;][vc_column][vc_empty_space height=&#8221;250px&#8221;][\/vc_column][\/vc_row][vc_row][vc_column][vc_column_text] PRODUCT DATASHEETS [\/vc_column_text][vc_empty_space][vc_empty_space][vc_row_inner][vc_column_inner width=&#8221;1\/2&#8243;][vc_cta h2=&#8221;&#8221; txt_align=&#8221;center&#8221; color=&#8221;white&#8221; css=&#8221;.vc_custom_1532326256766{border-top-width: 2px !important;border-right-width: 2px !important;border-bottom-width: 2px !important;border-left-width: 2px !important;background-color: #ffffff !important;}&#8221; el_class=&#8221;altoficha&#8221;] AQUAPRO PRIMER EP 02 est un primaire en \u00e9poxy 100%&hellip; <a class=\"read-more-link\" href=\"https:\/\/www.grupoiraco.com\/en\/product-datasheets\/\">[+]<\/a><\/p>\n","protected":false},"author":1,"featured_media":0,"parent":0,"menu_order":0,"comment_status":"closed","ping_status":"closed","template":"template-protegida.php","meta":[],"_links":{"self":[{"href":"https:\/\/www.grupoiraco.com\/en\/wp-json\/wp\/v2\/pages\/3294"}],"collection":[{"href":"https:\/\/www.grupoiraco.com\/en\/wp-json\/wp\/v2\/pages"}],"about":[{"href":"https:\/\/www.grupoiraco.com\/en\/wp-json\/wp\/v2\/types\/page"}],"author":[{"embeddable":true,"href":"https:\/\/www.grupoiraco.com\/en\/wp-json\/wp\/v2\/users\/1"}],"replies":[{"embeddable":true,"href":"https:\/\/www.grupoiraco.com\/en\/wp-json\/wp\/v2\/comments?post=3294"}],"version-history":[{"count":2,"href":"https:\/\/www.grupoiraco.com\/en\/wp-json\/wp\/v2\/pages\/3294\/revisions"}],"predecessor-version":[{"id":3307,"href":"https:\/\/www.grupoiraco.com\/en\/wp-json\/wp\/v2\/pages\/3294\/revisions\/3307"}],"wp:attachment":[{"href":"https:\/\/www.grupoiraco.com\/en\/wp-json\/wp\/v2\/media?parent=3294"}],"curies":[{"name":"wp","href":"https:\/\/api.w.org\/{rel}","templated":true}]}}